{"id":16,"date":"2015-11-10T16:41:10","date_gmt":"2015-11-10T15:41:10","guid":{"rendered":"http:\/\/add-modules.com\/?page_id=16"},"modified":"2026-01-22T14:13:58","modified_gmt":"2026-01-22T13:13:58","slug":"applications-voile-epaisse","status":"publish","type":"page","link":"https:\/\/add-modules.com\/fr\/societe-voile-aile-gonflable\/","title":{"rendered":"ADD Technologies &#8211; Voile Aile &#8211; Refit Voile Gonflable"},"content":{"rendered":"<p style=\"text-align: center;\"><span style=\"font-size: 14pt;\"><em><strong>ADD Technologies est cr\u00e9\u00e9 en 2019 afin de r\u00e9pondre <\/strong><\/em><\/span><em style=\"font-size: 14pt; word-spacing: normal;\"><strong>avec son syst\u00e8me <\/strong><\/em><span style=\"font-size: 14pt;\"><em><strong>aux nouveaux besoins des professionnels de la mer\u00a0<\/strong><\/em><\/span><\/p>\n<p><img loading=\"lazy\" decoding=\"async\" class=\"aligncenter size-large wp-image-2512\" src=\"https:\/\/add-modules.com\/wp-content\/uploads\/2025\/01\/portant-V2-768x1024.jpg\" alt=\"\" width=\"595\" height=\"793\" srcset=\"https:\/\/add-modules.com\/wp-content\/uploads\/2025\/01\/portant-V2-768x1024.jpg 768w, https:\/\/add-modules.com\/wp-content\/uploads\/2025\/01\/portant-V2-225x300.jpg 225w, https:\/\/add-modules.com\/wp-content\/uploads\/2025\/01\/portant-V2-1152x1536.jpg 1152w, https:\/\/add-modules.com\/wp-content\/uploads\/2025\/01\/portant-V2-1536x2048.jpg 1536w, https:\/\/add-modules.com\/wp-content\/uploads\/2025\/01\/portant-V2-scaled.jpg 1919w\" sizes=\"auto, (max-width: 595px) 100vw, 595px\" \/><\/p>\n<p>&nbsp;<\/p>\n<p>&nbsp;<\/p>\n<p>&nbsp;<\/p>\n<h2 style=\"text-align: justify;\"><\/h2>\n<h2 style=\"text-align: justify;\"><\/h2>\n<h2 style=\"text-align: justify;\"><\/h2>\n<h2 style=\"text-align: justify;\"><\/h2>\n<h2 style=\"text-align: justify;\"><\/h2>\n<h2 style=\"text-align: justify;\"><span style=\"color: #ff9900;\">\u00a0<\/span><\/h2>\n<p>&nbsp;<\/p>\n<p>&nbsp;<\/p>\n<p>&nbsp;<\/p>\n<p><b><\/b>","protected":false},"excerpt":{"rendered":"<p>ADD Technologies est cr\u00e9\u00e9 en 2019 afin de r\u00e9pondre avec son syst\u00e8me aux nouveaux besoins des professionnels de la mer\u00a0 &nbsp; &nbsp; &nbsp; \u00a0 &nbsp; &nbsp; &nbsp;<\/p>\n","protected":false},"author":1,"featured_media":0,"parent":0,"menu_order":0,"comment_status":"closed","ping_status":"closed","template":"","meta":{"footnotes":""},"class_list":["post-16","page","type-page","status-publish","hentry"],"yoast_head":"<!-- This site is optimized with the Yoast SEO plugin v15.7 - https:\/\/yoast.com\/wordpress\/plugins\/seo\/ -->\n<title>ADD Technologies - Voile Aile - Refit Voile Gonflable - ADD Technologies: Aile gonflable de propulsion<\/title>\n<meta name=\"description\" content=\"soufflerie num\u00e9rique en voile \u00e9paisse\" \/>\n<meta name=\"robots\" content=\"index, follow, max-snippet:-1, max-image-preview:large, max-video-preview:-1\" \/>\n<link rel=\"canonical\" href=\"https:\/\/add-modules.com\/fr\/societe-voile-aile-gonflable\/\" \/>\n<meta property=\"og:locale\" content=\"fr_FR\" \/>\n<meta property=\"og:type\" content=\"article\" \/>\n<meta property=\"og:title\" content=\"[:fr]ADD Technologies - Voile Aile - Refit Voile Gonflable[:en]ADD Technologies - Refit Inflatable Wing-Sail - Thick Sail - [:] - ADD Technologies: Aile gonflable de propulsion\" \/>\n<meta property=\"og:description\" content=\"soufflerie num\u00e9rique en voile \u00e9paisse\" \/>\n<meta property=\"og:url\" content=\"https:\/\/add-modules.com\/fr\/societe-voile-aile-gonflable\/\" \/>\n<meta property=\"og:site_name\" content=\"ADD Technologies: Aile gonflable de propulsion\" \/>\n<meta property=\"article:modified_time\" content=\"2026-01-22T13:13:58+00:00\" \/>\n<meta property=\"og:image\" content=\"https:\/\/add-modules.com\/wp-content\/uploads\/2025\/01\/portant-V2-768x1024.jpg\" \/>\n<meta name=\"twitter:card\" content=\"summary\" \/>\n<meta name=\"twitter:label1\" content=\"Dur\u00e9e de lecture est.\">\n\t<meta name=\"twitter:data1\" content=\"1 minute\">\n<script type=\"application\/ld+json\" class=\"yoast-schema-graph\">{\"@context\":\"https:\/\/schema.org\",\"@graph\":[{\"@type\":\"WebSite\",\"@id\":\"https:\/\/add-modules.com\/fr\/#website\",\"url\":\"https:\/\/add-modules.com\/fr\/\",\"name\":\"Add-Modules : Voile Aile gonflable\",\"description\":\"ADD Technologies :                  Donner des Ailes aux voiles\",\"potentialAction\":[{\"@type\":\"SearchAction\",\"target\":\"https:\/\/add-modules.com\/fr\/?s={search_term_string}\",\"query-input\":\"required name=search_term_string\"}],\"inLanguage\":\"fr-FR\"},{\"@type\":\"ImageObject\",\"@id\":\"https:\/\/add-modules.com\/fr\/societe-voile-aile-gonflable\/#primaryimage\",\"inLanguage\":\"fr-FR\",\"url\":\"https:\/\/add-modules.com\/wp-content\/uploads\/2025\/01\/portant-V2-scaled.jpg\",\"width\":1919,\"height\":2560},{\"@type\":\"WebPage\",\"@id\":\"https:\/\/add-modules.com\/fr\/societe-voile-aile-gonflable\/#webpage\",\"url\":\"https:\/\/add-modules.com\/fr\/societe-voile-aile-gonflable\/\",\"name\":\"[:fr]ADD Technologies - Voile Aile - Refit Voile Gonflable[:en]ADD Technologies - Refit Inflatable Wing-Sail - Thick Sail - [:] - ADD Technologies: Aile gonflable de propulsion\",\"isPartOf\":{\"@id\":\"https:\/\/add-modules.com\/fr\/#website\"},\"primaryImageOfPage\":{\"@id\":\"https:\/\/add-modules.com\/fr\/societe-voile-aile-gonflable\/#primaryimage\"},\"datePublished\":\"2015-11-10T15:41:10+00:00\",\"dateModified\":\"2026-01-22T13:13:58+00:00\",\"description\":\"soufflerie num\\u00e9rique en voile \\u00e9paisse\",\"inLanguage\":\"fr-FR\",\"potentialAction\":[{\"@type\":\"ReadAction\",\"target\":[\"https:\/\/add-modules.com\/fr\/societe-voile-aile-gonflable\/\"]}]}]}<\/script>\n<!-- \/ Yoast SEO plugin. -->","_links":{"self":[{"href":"https:\/\/add-modules.com\/fr\/wp-json\/wp\/v2\/pages\/16","targetHints":{"allow":["GET"]}}],"collection":[{"href":"https:\/\/add-modules.com\/fr\/wp-json\/wp\/v2\/pages"}],"about":[{"href":"https:\/\/add-modules.com\/fr\/wp-json\/wp\/v2\/types\/page"}],"author":[{"embeddable":true,"href":"https:\/\/add-modules.com\/fr\/wp-json\/wp\/v2\/users\/1"}],"replies":[{"embeddable":true,"href":"https:\/\/add-modules.com\/fr\/wp-json\/wp\/v2\/comments?post=16"}],"version-history":[{"count":0,"href":"https:\/\/add-modules.com\/fr\/wp-json\/wp\/v2\/pages\/16\/revisions"}],"wp:attachment":[{"href":"https:\/\/add-modules.com\/fr\/wp-json\/wp\/v2\/media?parent=16"}],"curies":[{"name":"wp","href":"https:\/\/api.w.org\/{rel}","templated":true}]}}