{"id":1922,"date":"2021-11-01T14:43:06","date_gmt":"2021-11-01T13:43:06","guid":{"rendered":"https:\/\/add-modules.com\/fr\/?page_id=1922"},"modified":"2026-01-22T14:02:25","modified_gmt":"2026-01-22T13:02:25","slug":"english-fishing-industry","status":"publish","type":"page","link":"https:\/\/add-modules.com\/fr\/english-fishing-industry\/","title":{"rendered":"P\u00eache"},"content":{"rendered":"<h2><img loading=\"lazy\" decoding=\"async\" class=\"aligncenter wp-image-1423 \" src=\"https:\/\/add-modules.com\/wp-content\/uploads\/2020\/10\/20201009_155137-225x300.jpg\" alt=\"\" width=\"252\" height=\"335\" srcset=\"https:\/\/add-modules.com\/wp-content\/uploads\/2020\/10\/20201009_155137-225x300.jpg 225w, https:\/\/add-modules.com\/wp-content\/uploads\/2020\/10\/20201009_155137-768x1024.jpg 768w, https:\/\/add-modules.com\/wp-content\/uploads\/2020\/10\/20201009_155137-1152x1536.jpg 1152w, https:\/\/add-modules.com\/wp-content\/uploads\/2020\/10\/20201009_155137-1536x2048.jpg 1536w, https:\/\/add-modules.com\/wp-content\/uploads\/2020\/10\/20201009_155137-scaled.jpg 1920w\" sizes=\"auto, (max-width: 252px) 100vw, 252px\" \/><\/h2>\n<p><strong><span style=\"font-size: 18pt; color: #ff9900;\">P\u00eache et bateaux de servitude : ADD Modules system<\/span><\/strong><\/p>\n<p style=\"text-align: justify;\"><span style=\"font-size: 12pt;\">Depuis ao\u00fbt 2020 le bateau de p\u00eache Oc\u00e9ania est \u00e9quip\u00e9 d&#8217;une voile anti-roulis ou tape-cul ADD Modules\u00a0<\/span><span style=\"font-size: 16px; word-spacing: normal;\">tr\u00e8s creuse et tr\u00e8s \u00e9paisse et qui ne faseye pas. Elle est <\/span><span style=\"font-size: 12pt; word-spacing: normal;\">identique en terme de g\u00e9om\u00e9trie et de surface \u00e0 la voile remplac\u00e9e. Les voiles du pass\u00e9 \u00e9taient tr\u00e8s plates pour ne pas faseyer.<\/span><\/p>\n<p style=\"text-align: justify;\"><span style=\"font-size: 12pt;\">Le projet avait pour objectif initial l&#8217;\u00e9tude de l&#8217;usure du syst\u00e8me et nous constatons une dur\u00e9e de vie de la voile-aile multipli\u00e9e par 4\u00a0 par rapport \u00e0 une voile classique. Romain Auffret, patron p\u00eacheur de l&#8217;Oc\u00e9ania auparavant \u00e9quip\u00e9 d&#8217;un tape-cul classique note une am\u00e9lioration significative de la performance:<\/span><\/p>\n<ul style=\"text-align: justify;\">\n<li><span style=\"font-size: 12pt;\">Moins de roulis<\/span><\/li>\n<li><span style=\"font-size: 12pt;\">Plus d&#8217;appui sur l&#8217;arri\u00e8re<\/span><\/li>\n<li><span style=\"font-size: 12pt;\">Meilleur rendement de l&#8217;h\u00e9lice<\/span><\/li>\n<\/ul>\n<p style=\"text-align: justify;\"><span style=\"font-size: 12pt;\">Romain: &#8220;avant, le tableau arri\u00e8re du bateau d\u00e9collait quand les cuves de fuel \u00e9taient vides : aujourd&#8217;hui, plus jamais&#8221; &#8220;Je contr\u00f4le mieux ma d\u00e9rive lorsque je mets ma palangre &#8220;<\/span><\/p>\n<p style=\"text-align: justify;\"><span style=\"font-size: 12pt;\">La prochaine \u00e9tape est la r\u00e9alisation d&#8217;une voile pour la propulsion qui permettra de mesurer les \u00e9conomies de fuel potentielles.<\/span><\/p>\n\n<div style=\"padding-bottom:20px; padding-top:10px;\" class=\"hupso-share-buttons\"><!-- Hupso Share Buttons - https:\/\/www.hupso.com\/share\/ --><a class=\"hupso_toolbar\" href=\"https:\/\/www.hupso.com\/share\/\"><img decoding=\"async\" src=\"https:\/\/static.hupso.com\/share\/buttons\/share-medium.png\" style=\"border:0px; padding-top: 5px; float:left;\" alt=\"Share Button\"\/><\/a><script type=\"text\/javascript\">var hupso_services_t=new Array(\"Twitter\",\"Facebook\");var hupso_background_t=\"#EAF4FF\";var hupso_border_t=\"#66CCFF\";var hupso_toolbar_size_t=\"medium\";var hupso_image_folder_url = \"\";var hupso_url_t=\"\";var hupso_title_t=\"%5B%3Afr%5DP%C3%AAche%5B%3Aen%5DFishing%20industry%5B%3A%5D\";<\/script><script type=\"text\/javascript\" src=\"https:\/\/static.hupso.com\/share\/js\/share_toolbar.js\"><\/script><!-- Hupso Share Buttons --><\/div>","protected":false},"excerpt":{"rendered":"<p>P\u00eache et bateaux de servitude : ADD Modules system Depuis ao\u00fbt 2020 le bateau de p\u00eache Oc\u00e9ania est \u00e9quip\u00e9 d&#8217;une voile anti-roulis ou tape-cul ADD Modules\u00a0tr\u00e8s creuse et tr\u00e8s \u00e9paisse et qui ne faseye pas. Elle est identique en terme de g\u00e9om\u00e9trie et de surface \u00e0 la voile remplac\u00e9e. Les voiles du pass\u00e9 \u00e9taient tr\u00e8s&#8230;<\/p>\n<div class=\"read-more\"><a href=\"https:\/\/add-modules.com\/fr\/english-fishing-industry\/\">Lire la suite<\/a><\/div>\n","protected":false},"author":1,"featured_media":0,"parent":0,"menu_order":0,"comment_status":"closed","ping_status":"closed","template":"","meta":{"footnotes":""},"class_list":["post-1922","page","type-page","status-publish","hentry"],"yoast_head":"<!-- This site is optimized with the Yoast SEO plugin v15.7 - https:\/\/yoast.com\/wordpress\/plugins\/seo\/ -->\n<title>P\u00eache - ADD Technologies: Aile gonflable de propulsion<\/title>\n<meta name=\"robots\" content=\"index, follow, max-snippet:-1, max-image-preview:large, max-video-preview:-1\" \/>\n<link rel=\"canonical\" href=\"https:\/\/add-modules.com\/fr\/english-fishing-industry\/\" \/>\n<meta property=\"og:locale\" content=\"fr_FR\" \/>\n<meta property=\"og:type\" content=\"article\" \/>\n<meta property=\"og:title\" content=\"[:fr]P\u00eache[:en]Fishing industry[:] - ADD Technologies: Aile gonflable de propulsion\" \/>\n<meta property=\"og:description\" content=\"P\u00eache et bateaux de servitude : ADD Modules system Depuis ao\u00fbt 2020 le bateau de p\u00eache Oc\u00e9ania est \u00e9quip\u00e9 d&#8217;une voile anti-roulis ou tape-cul ADD Modules\u00a0tr\u00e8s creuse et tr\u00e8s \u00e9paisse et qui ne faseye pas. Elle est identique en terme de g\u00e9om\u00e9trie et de surface \u00e0 la voile remplac\u00e9e. Les voiles du pass\u00e9 \u00e9taient tr\u00e8s...Lire la suite\" \/>\n<meta property=\"og:url\" content=\"https:\/\/add-modules.com\/fr\/english-fishing-industry\/\" \/>\n<meta property=\"og:site_name\" content=\"ADD Technologies: Aile gonflable de propulsion\" \/>\n<meta property=\"article:modified_time\" content=\"2026-01-22T13:02:25+00:00\" \/>\n<meta property=\"og:image\" content=\"https:\/\/add-modules.com\/wp-content\/uploads\/2020\/10\/20201009_155137-225x300.jpg\" \/>\n<meta name=\"twitter:card\" content=\"summary\" \/>\n<meta name=\"twitter:label1\" content=\"Dur\u00e9e de lecture est.\">\n\t<meta name=\"twitter:data1\" content=\"1 minute\">\n<script type=\"application\/ld+json\" class=\"yoast-schema-graph\">{\"@context\":\"https:\/\/schema.org\",\"@graph\":[{\"@type\":\"WebSite\",\"@id\":\"https:\/\/add-modules.com\/fr\/#website\",\"url\":\"https:\/\/add-modules.com\/fr\/\",\"name\":\"Add-Modules : Voile Aile gonflable\",\"description\":\"ADD Technologies :                  Donner des Ailes aux voiles\",\"potentialAction\":[{\"@type\":\"SearchAction\",\"target\":\"https:\/\/add-modules.com\/fr\/?s={search_term_string}\",\"query-input\":\"required name=search_term_string\"}],\"inLanguage\":\"fr-FR\"},{\"@type\":\"ImageObject\",\"@id\":\"https:\/\/add-modules.com\/fr\/english-fishing-industry\/#primaryimage\",\"inLanguage\":\"fr-FR\",\"url\":\"https:\/\/add-modules.com\/wp-content\/uploads\/2020\/10\/20201009_155137-scaled.jpg\",\"width\":1920,\"height\":2560},{\"@type\":\"WebPage\",\"@id\":\"https:\/\/add-modules.com\/fr\/english-fishing-industry\/#webpage\",\"url\":\"https:\/\/add-modules.com\/fr\/english-fishing-industry\/\",\"name\":\"[:fr]P\\u00eache[:en]Fishing industry[:] - ADD Technologies: Aile gonflable de propulsion\",\"isPartOf\":{\"@id\":\"https:\/\/add-modules.com\/fr\/#website\"},\"primaryImageOfPage\":{\"@id\":\"https:\/\/add-modules.com\/fr\/english-fishing-industry\/#primaryimage\"},\"datePublished\":\"2021-11-01T13:43:06+00:00\",\"dateModified\":\"2026-01-22T13:02:25+00:00\",\"inLanguage\":\"fr-FR\",\"potentialAction\":[{\"@type\":\"ReadAction\",\"target\":[\"https:\/\/add-modules.com\/fr\/english-fishing-industry\/\"]}]}]}<\/script>\n<!-- \/ Yoast SEO plugin. -->","_links":{"self":[{"href":"https:\/\/add-modules.com\/fr\/wp-json\/wp\/v2\/pages\/1922","targetHints":{"allow":["GET"]}}],"collection":[{"href":"https:\/\/add-modules.com\/fr\/wp-json\/wp\/v2\/pages"}],"about":[{"href":"https:\/\/add-modules.com\/fr\/wp-json\/wp\/v2\/types\/page"}],"author":[{"embeddable":true,"href":"https:\/\/add-modules.com\/fr\/wp-json\/wp\/v2\/users\/1"}],"replies":[{"embeddable":true,"href":"https:\/\/add-modules.com\/fr\/wp-json\/wp\/v2\/comments?post=1922"}],"version-history":[{"count":0,"href":"https:\/\/add-modules.com\/fr\/wp-json\/wp\/v2\/pages\/1922\/revisions"}],"wp:attachment":[{"href":"https:\/\/add-modules.com\/fr\/wp-json\/wp\/v2\/media?parent=1922"}],"curies":[{"name":"wp","href":"https:\/\/api.w.org\/{rel}","templated":true}]}}