{"id":1925,"date":"2021-11-01T14:43:54","date_gmt":"2021-11-01T13:43:54","guid":{"rendered":"https:\/\/add-modules.com\/fr\/?page_id=1925"},"modified":"2026-01-22T14:11:07","modified_gmt":"2026-01-22T13:11:07","slug":"marine-industrielle","status":"publish","type":"page","link":"https:\/\/add-modules.com\/fr\/marine-industrielle\/","title":{"rendered":"Marine industrielle"},"content":{"rendered":"<h2><img loading=\"lazy\" decoding=\"async\" class=\"aligncenter size-large wp-image-2414\" src=\"https:\/\/add-modules.com\/wp-content\/uploads\/2024\/03\/ADDWINGSAIL-1024x724.jpg\" alt=\"\" width=\"595\" height=\"421\" srcset=\"https:\/\/add-modules.com\/wp-content\/uploads\/2024\/03\/ADDWINGSAIL-1024x724.jpg 1024w, https:\/\/add-modules.com\/wp-content\/uploads\/2024\/03\/ADDWINGSAIL-300x212.jpg 300w, https:\/\/add-modules.com\/wp-content\/uploads\/2024\/03\/ADDWINGSAIL-768x543.jpg 768w, https:\/\/add-modules.com\/wp-content\/uploads\/2024\/03\/ADDWINGSAIL-1536x1086.jpg 1536w, https:\/\/add-modules.com\/wp-content\/uploads\/2024\/03\/ADDWINGSAIL.jpg 1754w\" sizes=\"auto, (max-width: 595px) 100vw, 595px\" \/><\/h2>\n<p style=\"text-align: center;\"><strong>Approbation de Principe Bureau Veritas &#8211; Laur\u00e9at du Concours i-Nov France 2030<\/strong><\/p>\n<h2><span style=\"color: #ffcc00; font-size: 18pt;\"><span style=\"color: #ff9900;\">Marine industrielle: AWP system<\/span><\/span><\/h2>\n<p style=\"text-align: center;\"><em><span style=\"font-size: 18pt; color: #333333;\"><strong>Un syst\u00e8me innovant de propulsion \u00e0 la voile <\/strong><\/span><\/em><\/p>\n<p style=\"text-align: center;\"><em><span style=\"font-size: 18pt; color: #333333;\"><strong>pour d\u00e9carboner <\/strong><\/span><\/em><em style=\"word-spacing: normal;\"><span style=\"font-size: 18pt; color: #333333;\"><strong>le transport maritime<\/strong><\/span><\/em><\/p>\n<p>&nbsp;<\/p>\n<p><strong><span style=\"font-size: 12pt; color: #ff6600;\">Le projet ADDWINGSAIL :\u00a0<\/span><\/strong><\/p>\n<p><span style=\"font-size: 12pt;\">ADD Technologies cr\u00e9e la diff\u00e9rence avec son projet ADDWINGSAIL dont le concept r\u00e9volutionnaire est d\u2019utiliser la grue existante d\u2019un vraquier comme m\u00e2t en l&#8217;\u00e9quipant de son kit de propulsion. <\/span><\/p>\n<ul>\n<li><span style=\"font-size: 16px;\">En Octobre 2023 Bureau Veritas d\u00e9livre une approbation de principe AIP au projet<\/span><\/li>\n<li><span style=\"font-size: 12pt;\">Laur\u00e9ate du Concours i-Nov France 2030 ADD Technologies re\u00e7oit un financement \u00e0 hauteur de 45% du budget global attribu\u00e9 par\u00a0 Bpifrance et l&#8217;ADEME.\u00a0<\/span><\/li>\n<\/ul>\n<p><span style=\"font-size: 12pt;\">\u00a0<\/span><\/p>\n<p><strong><span style=\"font-size: 12pt; color: #ff6600;\">La course au large comme laboratoire :<\/span><\/strong><\/p>\n<p style=\"text-align: justify;\"><span style=\"font-size: 16px; word-spacing: normal;\">Des essais en course au large produisent des donn\u00e9es techniques ou statistiques\u00a0 qui sont extrapol\u00e9es \u00e0 la marine industrielle:<\/span><\/p>\n<p style=\"text-align: justify;\"><span style=\"font-size: 12pt;\">Le bateau d&#8217;Hugo Lauras (Le Crouesty) est \u00e9quip\u00e9 d&#8217;une grand voile AWP sur la Mini Transat 2021. D&#8217;autres coureurs ont test\u00e9 le syst\u00e8me avec Tanguy Leglatin, entra\u00eeneur \u00e0 Lorient, et valid\u00e9 les b\u00e9n\u00e9fices apport\u00e9s.\u00a0<\/span><\/p>\n<p>&#8220;<span style=\"font-size: 12pt; word-spacing: normal;\">J&#8217;\u00e9tais rapide par rapport \u00e0 mes adversaires gr\u00e2ce \u00e0 ma trajectoire tr\u00e8s basse au portant ce qui m&#8217;a permit de grappiller des places.&#8221; extrait du r\u00e9cit de la 1\u00e8re \u00e9tape de la Mini Transat 2021 de Hugo.<\/span><\/p>\n<p style=\"text-align: justify;\"><span style=\"font-size: 12pt;\">Comme mentionn\u00e9 pr\u00e9c\u00e9demment ces analyses sont utilis\u00e9es dans le design de notre syst\u00e8me pour la marine industrielle, notre principal objectif avec l&#8217;industrie de la p\u00eache. Une voile d&#8217;avant sur un \u00e9tai de 20 m\u00e8tres (<span style=\"font-size: 16px; word-spacing: normal;\">\u00e9chelle 1\/2 du maritime) <\/span><span style=\"font-size: 12pt; word-spacing: normal;\">est en cours de test dans le m\u00eame esprit d&#8217;analyse.<\/span><\/span><\/p>\n<p><img loading=\"lazy\" decoding=\"async\" class=\"aligncenter size-large wp-image-2240\" src=\"https:\/\/add-modules.com\/wp-content\/uploads\/2022\/03\/20220304_104212-768x1024.jpg\" alt=\"\" width=\"595\" height=\"793\" srcset=\"https:\/\/add-modules.com\/wp-content\/uploads\/2022\/03\/20220304_104212-768x1024.jpg 768w, https:\/\/add-modules.com\/wp-content\/uploads\/2022\/03\/20220304_104212-225x300.jpg 225w, https:\/\/add-modules.com\/wp-content\/uploads\/2022\/03\/20220304_104212-1152x1536.jpg 1152w, https:\/\/add-modules.com\/wp-content\/uploads\/2022\/03\/20220304_104212-1536x2048.jpg 1536w, https:\/\/add-modules.com\/wp-content\/uploads\/2022\/03\/20220304_104212-scaled.jpg 1920w\" sizes=\"auto, (max-width: 595px) 100vw, 595px\" \/><\/p>\n<p><img loading=\"lazy\" decoding=\"async\" class=\"aligncenter size-full wp-image-1623\" src=\"https:\/\/add-modules.com\/wp-content\/uploads\/2021\/04\/Hugo-revue-bateaux.png\" alt=\"\" width=\"655\" height=\"437\" srcset=\"https:\/\/add-modules.com\/wp-content\/uploads\/2021\/04\/Hugo-revue-bateaux.png 655w, https:\/\/add-modules.com\/wp-content\/uploads\/2021\/04\/Hugo-revue-bateaux-300x200.png 300w\" sizes=\"auto, (max-width: 655px) 100vw, 655px\" \/><\/p>\n<p style=\"text-align: justify;\"><span style=\"font-size: 12pt;\">Des \u00e9tudes de faisabilit\u00e9 et des \u00e9tudes de consommation de fuel ou puissance moteur sont men\u00e9es en collaboration avec des acteurs de la marine industrielle. Des polaires d&#8217;\u00e9conomie de puissance moteur <\/span><span style=\"font-size: 16px; word-spacing: normal;\">sont disponibles sur demande <\/span><span style=\"font-size: 12pt; word-spacing: normal;\">en fonction des surfaces de voile install\u00e9es et des forces et angle de vent.<\/span><\/p>\n<ul>\n<li><span style=\"font-size: 12pt;\">Des b\u00e9n\u00e9fices sont d\u00e9j\u00e0 identifi\u00e9s :<\/span>\n<ul>\n<li><span style=\"font-size: 12pt;\">\u00e0 terre : <\/span>\n<ul>\n<li><span style=\"font-size: 12pt;\">Pliage facile et encombrement r\u00e9duit, <\/span><\/li>\n<li><span style=\"font-size: 12pt;\">Maintenance r\u00e9duite\u00a0<\/span><\/li>\n<\/ul>\n<\/li>\n<li><span style=\"font-size: 12pt;\">en mer : <\/span>\n<ul>\n<li><span style=\"font-size: 12pt;\">Navigation par gros temps sans stress<\/span><\/li>\n<li><span style=\"font-size: 12pt;\">Performance \u00e9valu\u00e9e par rapport aux meilleures voiles du march\u00e9<\/span><\/li>\n<\/ul>\n<\/li>\n<\/ul>\n<\/li>\n<\/ul>\n\n<div style=\"padding-bottom:20px; padding-top:10px;\" class=\"hupso-share-buttons\"><!-- Hupso Share Buttons - https:\/\/www.hupso.com\/share\/ --><a class=\"hupso_toolbar\" href=\"https:\/\/www.hupso.com\/share\/\"><img decoding=\"async\" src=\"https:\/\/static.hupso.com\/share\/buttons\/share-medium.png\" style=\"border:0px; padding-top: 5px; float:left;\" alt=\"Share Button\"\/><\/a><script type=\"text\/javascript\">var hupso_services_t=new Array(\"Twitter\",\"Facebook\");var hupso_background_t=\"#EAF4FF\";var hupso_border_t=\"#66CCFF\";var hupso_toolbar_size_t=\"medium\";var hupso_image_folder_url = \"\";var hupso_url_t=\"\";var hupso_title_t=\"%5B%3Afr%5DMarine%20industrielle%5B%3Aen%5DMaritime%20industry%5B%3A%5D\";<\/script><script type=\"text\/javascript\" src=\"https:\/\/static.hupso.com\/share\/js\/share_toolbar.js\"><\/script><!-- Hupso Share Buttons --><\/div>","protected":false},"excerpt":{"rendered":"<p>Approbation de Principe Bureau Veritas &#8211; Laur\u00e9at du Concours i-Nov France 2030 Marine industrielle: AWP system Un syst\u00e8me innovant de propulsion \u00e0 la voile pour d\u00e9carboner le transport maritime &nbsp; Le projet ADDWINGSAIL :\u00a0 ADD Technologies cr\u00e9e la diff\u00e9rence avec son projet ADDWINGSAIL dont le concept r\u00e9volutionnaire est d\u2019utiliser la grue existante d\u2019un vraquier comme&#8230;<\/p>\n<div class=\"read-more\"><a href=\"https:\/\/add-modules.com\/fr\/marine-industrielle\/\">Lire la suite<\/a><\/div>\n","protected":false},"author":1,"featured_media":2240,"parent":0,"menu_order":0,"comment_status":"closed","ping_status":"closed","template":"","meta":{"footnotes":""},"class_list":["post-1925","page","type-page","status-publish","has-post-thumbnail","hentry"],"yoast_head":"<!-- This site is optimized with the Yoast SEO plugin v15.7 - https:\/\/yoast.com\/wordpress\/plugins\/seo\/ -->\n<title>Marine industrielle - ADD Technologies: Aile gonflable de propulsion<\/title>\n<meta name=\"robots\" content=\"index, follow, max-snippet:-1, max-image-preview:large, max-video-preview:-1\" \/>\n<link rel=\"canonical\" href=\"https:\/\/add-modules.com\/fr\/marine-industrielle\/\" \/>\n<meta property=\"og:locale\" content=\"fr_FR\" \/>\n<meta property=\"og:type\" content=\"article\" \/>\n<meta property=\"og:title\" content=\"[:fr]Marine industrielle[:en]Maritime industry[:] - ADD Technologies: Aile gonflable de propulsion\" \/>\n<meta property=\"og:description\" content=\"Approbation de Principe Bureau Veritas &#8211; Laur\u00e9at du Concours i-Nov France 2030 Marine industrielle: AWP system Un syst\u00e8me innovant de propulsion \u00e0 la voile pour d\u00e9carboner le transport maritime &nbsp; Le projet ADDWINGSAIL :\u00a0 ADD Technologies cr\u00e9e la diff\u00e9rence avec son projet ADDWINGSAIL dont le concept r\u00e9volutionnaire est d\u2019utiliser la grue existante d\u2019un vraquier comme...Lire la suite\" \/>\n<meta property=\"og:url\" content=\"https:\/\/add-modules.com\/fr\/marine-industrielle\/\" \/>\n<meta property=\"og:site_name\" content=\"ADD Technologies: Aile gonflable de propulsion\" \/>\n<meta property=\"article:modified_time\" content=\"2026-01-22T13:11:07+00:00\" \/>\n<meta property=\"og:image\" content=\"https:\/\/add-modules.com\/wp-content\/uploads\/2022\/03\/20220304_104212-scaled.jpg\" \/>\n\t<meta property=\"og:image:width\" content=\"1920\" \/>\n\t<meta property=\"og:image:height\" content=\"2560\" \/>\n<meta name=\"twitter:card\" content=\"summary\" \/>\n<meta name=\"twitter:label1\" content=\"Dur\u00e9e de lecture est.\">\n\t<meta name=\"twitter:data1\" content=\"2 minutes\">\n<script type=\"application\/ld+json\" class=\"yoast-schema-graph\">{\"@context\":\"https:\/\/schema.org\",\"@graph\":[{\"@type\":\"WebSite\",\"@id\":\"https:\/\/add-modules.com\/fr\/#website\",\"url\":\"https:\/\/add-modules.com\/fr\/\",\"name\":\"Add-Modules : Voile Aile gonflable\",\"description\":\"ADD Technologies :                  Donner des Ailes aux voiles\",\"potentialAction\":[{\"@type\":\"SearchAction\",\"target\":\"https:\/\/add-modules.com\/fr\/?s={search_term_string}\",\"query-input\":\"required name=search_term_string\"}],\"inLanguage\":\"fr-FR\"},{\"@type\":\"ImageObject\",\"@id\":\"https:\/\/add-modules.com\/fr\/marine-industrielle\/#primaryimage\",\"inLanguage\":\"fr-FR\",\"url\":\"https:\/\/add-modules.com\/wp-content\/uploads\/2022\/03\/20220304_104212-scaled.jpg\",\"width\":1920,\"height\":2560,\"caption\":\"Refit front sail\"},{\"@type\":\"WebPage\",\"@id\":\"https:\/\/add-modules.com\/fr\/marine-industrielle\/#webpage\",\"url\":\"https:\/\/add-modules.com\/fr\/marine-industrielle\/\",\"name\":\"[:fr]Marine industrielle[:en]Maritime industry[:] - ADD Technologies: Aile gonflable de propulsion\",\"isPartOf\":{\"@id\":\"https:\/\/add-modules.com\/fr\/#website\"},\"primaryImageOfPage\":{\"@id\":\"https:\/\/add-modules.com\/fr\/marine-industrielle\/#primaryimage\"},\"datePublished\":\"2021-11-01T13:43:54+00:00\",\"dateModified\":\"2026-01-22T13:11:07+00:00\",\"inLanguage\":\"fr-FR\",\"potentialAction\":[{\"@type\":\"ReadAction\",\"target\":[\"https:\/\/add-modules.com\/fr\/marine-industrielle\/\"]}]}]}<\/script>\n<!-- \/ Yoast SEO plugin. -->","_links":{"self":[{"href":"https:\/\/add-modules.com\/fr\/wp-json\/wp\/v2\/pages\/1925","targetHints":{"allow":["GET"]}}],"collection":[{"href":"https:\/\/add-modules.com\/fr\/wp-json\/wp\/v2\/pages"}],"about":[{"href":"https:\/\/add-modules.com\/fr\/wp-json\/wp\/v2\/types\/page"}],"author":[{"embeddable":true,"href":"https:\/\/add-modules.com\/fr\/wp-json\/wp\/v2\/users\/1"}],"replies":[{"embeddable":true,"href":"https:\/\/add-modules.com\/fr\/wp-json\/wp\/v2\/comments?post=1925"}],"version-history":[{"count":0,"href":"https:\/\/add-modules.com\/fr\/wp-json\/wp\/v2\/pages\/1925\/revisions"}],"wp:featuredmedia":[{"embeddable":true,"href":"https:\/\/add-modules.com\/fr\/wp-json\/wp\/v2\/media\/2240"}],"wp:attachment":[{"href":"https:\/\/add-modules.com\/fr\/wp-json\/wp\/v2\/media?parent=1925"}],"curies":[{"name":"wp","href":"https:\/\/api.w.org\/{rel}","templated":true}]}}