{"id":1935,"date":"2021-11-01T14:50:22","date_gmt":"2021-11-01T13:50:22","guid":{"rendered":"https:\/\/add-modules.com\/fr\/?page_id=1935"},"modified":"2023-09-04T15:52:55","modified_gmt":"2023-09-04T14:52:55","slug":"add-technologies","status":"publish","type":"page","link":"https:\/\/add-modules.com\/fr\/add-technologies\/","title":{"rendered":"ADD Technologies"},"content":{"rendered":"<p style=\"text-align: justify;\"><span style=\"font-size: 12pt;\">ADD Technologies cr\u00e9\u00e9 en 2019 est une soci\u00e9t\u00e9 bas\u00e9e en Bretagne (France). Nous d\u00e9veloppons et commercialisons AWP system (Augmented Wind Propulsion) pour d\u00e9carboner la marine industrielle et fournir \u00e0 l&#8217;industrie de la p\u00eache une voile anti roulis innovante.\u00a0<\/span><\/p>\n<p style=\"text-align: justify;\"><span style=\"font-size: 12pt;\">Antoine Debled, navigateur et fondateur de l&#8217;entreprise, fort de 10 ann\u00e9es de recherche et d\u00e9veloppement du syst\u00e8me AWP, propose avec une \u00e9quipe pluridisciplinaire et un r\u00e9seau de partenaires des solutions de propulsion auxiliaire et principale pour la flotte existante et \u00e0 venir.\u00a0<\/span><\/p>\n<p>&nbsp;\n<div style=\"padding-bottom:20px; padding-top:10px;\" class=\"hupso-share-buttons\"><!-- Hupso Share Buttons - https:\/\/www.hupso.com\/share\/ --><a class=\"hupso_toolbar\" href=\"https:\/\/www.hupso.com\/share\/\"><img decoding=\"async\" src=\"https:\/\/static.hupso.com\/share\/buttons\/share-medium.png\" style=\"border:0px; padding-top: 5px; float:left;\" alt=\"Share Button\"\/><\/a><script type=\"text\/javascript\">var hupso_services_t=new Array(\"Twitter\",\"Facebook\");var hupso_background_t=\"#EAF4FF\";var hupso_border_t=\"#66CCFF\";var hupso_toolbar_size_t=\"medium\";var hupso_image_folder_url = \"\";var hupso_url_t=\"\";var hupso_title_t=\"ADD%20Technologies\";<\/script><script type=\"text\/javascript\" src=\"https:\/\/static.hupso.com\/share\/js\/share_toolbar.js\"><\/script><!-- Hupso Share Buttons --><\/div>","protected":false},"excerpt":{"rendered":"<p>ADD Technologies cr\u00e9\u00e9 en 2019 est une soci\u00e9t\u00e9 bas\u00e9e en Bretagne (France). Nous d\u00e9veloppons et commercialisons AWP system (Augmented Wind Propulsion) pour d\u00e9carboner la marine industrielle et fournir \u00e0 l&#8217;industrie de la p\u00eache une voile anti roulis innovante.\u00a0 Antoine Debled, navigateur et fondateur de l&#8217;entreprise, fort de 10 ann\u00e9es de recherche et d\u00e9veloppement du syst\u00e8me&#8230;<\/p>\n<div class=\"read-more\"><a href=\"https:\/\/add-modules.com\/fr\/add-technologies\/\">Lire la suite<\/a><\/div>\n","protected":false},"author":1,"featured_media":0,"parent":0,"menu_order":0,"comment_status":"closed","ping_status":"closed","template":"","meta":{"footnotes":""},"class_list":["post-1935","page","type-page","status-publish","hentry"],"yoast_head":"<!-- This site is optimized with the Yoast SEO plugin v15.7 - https:\/\/yoast.com\/wordpress\/plugins\/seo\/ -->\n<title>ADD Technologies - ADD Technologies: Aile gonflable de propulsion<\/title>\n<meta name=\"robots\" content=\"index, follow, max-snippet:-1, max-image-preview:large, max-video-preview:-1\" \/>\n<link rel=\"canonical\" href=\"https:\/\/add-modules.com\/fr\/add-technologies\/\" \/>\n<meta property=\"og:locale\" content=\"fr_FR\" \/>\n<meta property=\"og:type\" content=\"article\" \/>\n<meta property=\"og:title\" content=\"ADD Technologies - ADD Technologies: Aile gonflable de propulsion\" \/>\n<meta property=\"og:description\" content=\"ADD Technologies cr\u00e9\u00e9 en 2019 est une soci\u00e9t\u00e9 bas\u00e9e en Bretagne (France). Nous d\u00e9veloppons et commercialisons AWP system (Augmented Wind Propulsion) pour d\u00e9carboner la marine industrielle et fournir \u00e0 l&#8217;industrie de la p\u00eache une voile anti roulis innovante.\u00a0 Antoine Debled, navigateur et fondateur de l&#8217;entreprise, fort de 10 ann\u00e9es de recherche et d\u00e9veloppement du syst\u00e8me...Lire la suite\" \/>\n<meta property=\"og:url\" content=\"https:\/\/add-modules.com\/fr\/add-technologies\/\" \/>\n<meta property=\"og:site_name\" content=\"ADD Technologies: Aile gonflable de propulsion\" \/>\n<meta property=\"article:modified_time\" content=\"2023-09-04T14:52:55+00:00\" \/>\n<meta name=\"twitter:card\" content=\"summary\" \/>\n<meta name=\"twitter:label1\" content=\"Dur\u00e9e de lecture est.\">\n\t<meta name=\"twitter:data1\" content=\"1 minute\">\n<script type=\"application\/ld+json\" class=\"yoast-schema-graph\">{\"@context\":\"https:\/\/schema.org\",\"@graph\":[{\"@type\":\"WebSite\",\"@id\":\"https:\/\/add-modules.com\/fr\/#website\",\"url\":\"https:\/\/add-modules.com\/fr\/\",\"name\":\"Add-Modules : Voile Aile gonflable\",\"description\":\"ADD Technologies :                  Donner des Ailes aux voiles\",\"potentialAction\":[{\"@type\":\"SearchAction\",\"target\":\"https:\/\/add-modules.com\/fr\/?s={search_term_string}\",\"query-input\":\"required name=search_term_string\"}],\"inLanguage\":\"fr-FR\"},{\"@type\":\"WebPage\",\"@id\":\"https:\/\/add-modules.com\/fr\/add-technologies\/#webpage\",\"url\":\"https:\/\/add-modules.com\/fr\/add-technologies\/\",\"name\":\"ADD Technologies - ADD Technologies: Aile gonflable de propulsion\",\"isPartOf\":{\"@id\":\"https:\/\/add-modules.com\/fr\/#website\"},\"datePublished\":\"2021-11-01T13:50:22+00:00\",\"dateModified\":\"2023-09-04T14:52:55+00:00\",\"inLanguage\":\"fr-FR\",\"potentialAction\":[{\"@type\":\"ReadAction\",\"target\":[\"https:\/\/add-modules.com\/fr\/add-technologies\/\"]}]}]}<\/script>\n<!-- \/ Yoast SEO plugin. -->","_links":{"self":[{"href":"https:\/\/add-modules.com\/fr\/wp-json\/wp\/v2\/pages\/1935","targetHints":{"allow":["GET"]}}],"collection":[{"href":"https:\/\/add-modules.com\/fr\/wp-json\/wp\/v2\/pages"}],"about":[{"href":"https:\/\/add-modules.com\/fr\/wp-json\/wp\/v2\/types\/page"}],"author":[{"embeddable":true,"href":"https:\/\/add-modules.com\/fr\/wp-json\/wp\/v2\/users\/1"}],"replies":[{"embeddable":true,"href":"https:\/\/add-modules.com\/fr\/wp-json\/wp\/v2\/comments?post=1935"}],"version-history":[{"count":0,"href":"https:\/\/add-modules.com\/fr\/wp-json\/wp\/v2\/pages\/1935\/revisions"}],"wp:attachment":[{"href":"https:\/\/add-modules.com\/fr\/wp-json\/wp\/v2\/media?parent=1935"}],"curies":[{"name":"wp","href":"https:\/\/api.w.org\/{rel}","templated":true}]}}