{"id":1997,"date":"2021-11-01T15:59:01","date_gmt":"2021-11-01T14:59:01","guid":{"rendered":"https:\/\/add-modules.com\/fr\/?page_id=1997"},"modified":"2026-03-04T09:16:15","modified_gmt":"2026-03-04T08:16:15","slug":"le-produit","status":"publish","type":"page","link":"https:\/\/add-modules.com\/fr\/le-produit\/","title":{"rendered":"Le produit"},"content":{"rendered":"<h2 style=\"text-align: justify;\"><img loading=\"lazy\" decoding=\"async\" class=\"alignleft wp-image-1720 size-medium\" src=\"https:\/\/add-modules.com\/wp-content\/uploads\/2021\/10\/Assemblage_UHD1-rognee-200x300.jpg\" alt=\"\" width=\"200\" height=\"300\" srcset=\"https:\/\/add-modules.com\/wp-content\/uploads\/2021\/10\/Assemblage_UHD1-rognee-200x300.jpg 200w, https:\/\/add-modules.com\/wp-content\/uploads\/2021\/10\/Assemblage_UHD1-rognee-683x1024.jpg 683w, https:\/\/add-modules.com\/wp-content\/uploads\/2021\/10\/Assemblage_UHD1-rognee-768x1151.jpg 768w, https:\/\/add-modules.com\/wp-content\/uploads\/2021\/10\/Assemblage_UHD1-rognee-1024x1536.jpg 1024w, https:\/\/add-modules.com\/wp-content\/uploads\/2021\/10\/Assemblage_UHD1-rognee-1366x2048.jpg 1366w, https:\/\/add-modules.com\/wp-content\/uploads\/2021\/10\/Assemblage_UHD1-rognee.jpg 1388w\" sizes=\"auto, (max-width: 200px) 100vw, 200px\" \/><\/h2>\n<p style=\"text-align: justify;\"><span style=\"font-size: 12pt;\">Le syst\u00e8me est port\u00e9 par la voile souple <\/span><span style=\"font-size: 16px; word-spacing: normal;\">&#8220;support&#8221;<\/span><span style=\"font-size: 12pt;\">, il est compatible quels que soient les gr\u00e9ements et les navires. <\/span><span style=\"word-spacing: normal; font-size: 16px;\">La voile d&#8217;avant peut \u00eatre \u00e9quip\u00e9e \u00e9galement.<\/span><span style=\"word-spacing: normal; font-size: 12pt;\">\u00a0<\/span><\/p>\n<p style=\"text-align: justify;\"><span style=\"font-size: 12pt;\">Sur chacune des faces de la voile sont appliqu\u00e9s des panneaux flexibles ou panneaux solaires. Un ou plusieurs inserts d&#8217;\u00e9paisseur sont gonfl\u00e9s et \u00e9cartent ces panneaux de la voile. <span style=\"text-align: justify; word-spacing: normal;\">L&#8217;\u00e9quipement est modulable et reli\u00e9 \u00e0 la voile par des pi\u00e8ces d&#8217;assemblage r\u00e9alis\u00e9es en mat\u00e9riau bio-sourc\u00e9 et bio-d\u00e9gradable.<\/span><br \/>\n<\/span><\/p>\n<p><img loading=\"lazy\" decoding=\"async\" class=\"wp-image-1073 alignright\" style=\"text-align: justify;\" src=\"https:\/\/add-modules.com\/wp-content\/uploads\/2019\/09\/sch\u00e9ma-avec-l\u00e9gende-fran\u00e7ais-1.png\" alt=\"\" width=\"318\" height=\"254\" srcset=\"https:\/\/add-modules.com\/wp-content\/uploads\/2019\/09\/sch\u00e9ma-avec-l\u00e9gende-fran\u00e7ais-1.png 494w, https:\/\/add-modules.com\/wp-content\/uploads\/2019\/09\/sch\u00e9ma-avec-l\u00e9gende-fran\u00e7ais-1-300x239.png 300w\" sizes=\"auto, (max-width: 318px) 100vw, 318px\" \/><\/p>\n<p style=\"text-align: justify;\"><strong><span style=\"font-size: 12pt;\">On obtient une voile-aile :<\/span><\/strong><\/p>\n<ul>\n<li style=\"text-align: justify;\"><span style=\"font-size: 12pt;\">Un profil \u00e9pais \u00e0 g\u00e9om\u00e9trie variable et d\u00e9termin\u00e9 par le diam\u00e8tre des tubes gonfl\u00e9s ou non-gonfl\u00e9s<\/span><\/li>\n<li style=\"text-align: justify;\"><span style=\"font-size: 12pt;\">Un profil asym\u00e9trique<\/span><span style=\"font-size: 12pt;\"><br style=\"text-align: start;\" \/><\/span><\/li>\n<li style=\"text-align: justify;\"><span style=\"font-size: 12pt;\">Un transfert bord sur bord r\u00e9alis\u00e9 par le creux de la voile souple\u00a0<\/span><span style=\"font-size: 12pt;\"><br \/>\n<\/span><\/li>\n<\/ul>\n<p style=\"text-align: justify;\"><span style=\"font-size: 12pt;\">C&#8217;est l&#8217;insert gonflable qui donne de l&#8217;\u00e9paisseur au profil : une \u00e9paisseur est d\u00e9finie en accord avec le designer. Il est possible de gonfler au vent, sous le vent ou les deux c\u00f4t\u00e9s. <\/span><\/p>\n<p style=\"text-align: justify;\"><span style=\"font-size: 12pt;\">La prise de ris ou le pliage de la voile s&#8217;effectuent apr\u00e8s avoir d\u00e9gonfl\u00e9 l&#8217;insert. un gonfleur \u00e9lectrique permet de gonfler et d\u00e9gonfler l&#8217;aile . Il est command\u00e9 \u00e0 distance depuis la cabine\u00a0<\/span><\/p>\n<p><img loading=\"lazy\" decoding=\"async\" class=\"wp-image-1279 size-full alignleft\" src=\"https:\/\/add-modules.com\/wp-content\/uploads\/2020\/07\/pliage-de-la-voile.png\" alt=\"\" width=\"224\" height=\"312\" srcset=\"https:\/\/add-modules.com\/wp-content\/uploads\/2020\/07\/pliage-de-la-voile.png 224w, https:\/\/add-modules.com\/wp-content\/uploads\/2020\/07\/pliage-de-la-voile-215x300.png 215w\" sizes=\"auto, (max-width: 224px) 100vw, 224px\" \/><\/p>\n<p>&nbsp;<\/p>\n<p style=\"text-align: justify;\"><span style=\"font-size: 12pt;\">Le syst\u00e8me AWP est l\u00e9ger, pliable au port et arisable au large.<\/span><\/p>\n<p style=\"text-align: justify;\"><span style=\"font-size: 16px; text-align: justify; word-spacing: normal;\">Nous le fabriquons en utilisant des technologies connues et le savoir-faire des voileries pour faciliter son d\u00e9ploiement.<\/span><\/p>\n<p>&nbsp;\n<div style=\"padding-bottom:20px; padding-top:10px;\" class=\"hupso-share-buttons\"><!-- Hupso Share Buttons - https:\/\/www.hupso.com\/share\/ --><a class=\"hupso_toolbar\" href=\"https:\/\/www.hupso.com\/share\/\"><img decoding=\"async\" src=\"https:\/\/static.hupso.com\/share\/buttons\/share-medium.png\" style=\"border:0px; padding-top: 5px; float:left;\" alt=\"Share Button\"\/><\/a><script type=\"text\/javascript\">var hupso_services_t=new Array(\"Twitter\",\"Facebook\");var hupso_background_t=\"#EAF4FF\";var hupso_border_t=\"#66CCFF\";var hupso_toolbar_size_t=\"medium\";var hupso_image_folder_url = \"\";var hupso_url_t=\"\";var hupso_title_t=\"%5B%3Afr%5DLe%20produit%5B%3Aen%5DThe%20product%5B%3A%5D\";<\/script><script type=\"text\/javascript\" src=\"https:\/\/static.hupso.com\/share\/js\/share_toolbar.js\"><\/script><!-- Hupso Share Buttons --><\/div>","protected":false},"excerpt":{"rendered":"<p>Le syst\u00e8me est port\u00e9 par la voile souple &#8220;support&#8221;, il est compatible quels que soient les gr\u00e9ements et les navires. La voile d&#8217;avant peut \u00eatre \u00e9quip\u00e9e \u00e9galement.\u00a0 Sur chacune des faces de la voile sont appliqu\u00e9s des panneaux flexibles ou panneaux solaires. Un ou plusieurs inserts d&#8217;\u00e9paisseur sont gonfl\u00e9s et \u00e9cartent ces panneaux de la&#8230;<\/p>\n<div class=\"read-more\"><a href=\"https:\/\/add-modules.com\/fr\/le-produit\/\">Lire la suite<\/a><\/div>\n","protected":false},"author":1,"featured_media":0,"parent":0,"menu_order":0,"comment_status":"closed","ping_status":"closed","template":"","meta":{"footnotes":""},"class_list":["post-1997","page","type-page","status-publish","hentry"],"yoast_head":"<!-- This site is optimized with the Yoast SEO plugin v15.7 - https:\/\/yoast.com\/wordpress\/plugins\/seo\/ -->\n<title>Le produit - ADD Technologies: Aile gonflable de propulsion<\/title>\n<meta name=\"description\" content=\"An asymmetrical, self-tilting, edge-on-edge inflatable wing: the only one of its kind in the world!\" \/>\n<meta name=\"robots\" content=\"index, follow, max-snippet:-1, max-image-preview:large, max-video-preview:-1\" \/>\n<link rel=\"canonical\" href=\"https:\/\/add-modules.com\/fr\/le-produit\/\" \/>\n<meta property=\"og:locale\" content=\"fr_FR\" \/>\n<meta property=\"og:type\" content=\"article\" \/>\n<meta property=\"og:title\" content=\"[:fr]Le produit[:en]The product[:] - ADD Technologies: Aile gonflable de propulsion\" \/>\n<meta property=\"og:description\" content=\"An asymmetrical, self-tilting, edge-on-edge inflatable wing: the only one of its kind in the world!\" \/>\n<meta property=\"og:url\" content=\"https:\/\/add-modules.com\/fr\/le-produit\/\" \/>\n<meta property=\"og:site_name\" content=\"ADD Technologies: Aile gonflable de propulsion\" \/>\n<meta property=\"article:modified_time\" content=\"2026-03-04T08:16:15+00:00\" \/>\n<meta property=\"og:image\" content=\"https:\/\/add-modules.com\/wp-content\/uploads\/2021\/10\/Assemblage_UHD1-rognee-200x300.jpg\" \/>\n<meta name=\"twitter:card\" content=\"summary\" \/>\n<meta name=\"twitter:label1\" content=\"Dur\u00e9e de lecture est.\">\n\t<meta name=\"twitter:data1\" content=\"2 minutes\">\n<script type=\"application\/ld+json\" class=\"yoast-schema-graph\">{\"@context\":\"https:\/\/schema.org\",\"@graph\":[{\"@type\":\"WebSite\",\"@id\":\"https:\/\/add-modules.com\/fr\/#website\",\"url\":\"https:\/\/add-modules.com\/fr\/\",\"name\":\"Add-Modules : Voile Aile gonflable\",\"description\":\"ADD Technologies :                  Donner des Ailes aux voiles\",\"potentialAction\":[{\"@type\":\"SearchAction\",\"target\":\"https:\/\/add-modules.com\/fr\/?s={search_term_string}\",\"query-input\":\"required name=search_term_string\"}],\"inLanguage\":\"fr-FR\"},{\"@type\":\"ImageObject\",\"@id\":\"https:\/\/add-modules.com\/fr\/le-produit\/#primaryimage\",\"inLanguage\":\"fr-FR\",\"url\":\"https:\/\/add-modules.com\/wp-content\/uploads\/2021\/10\/Assemblage_UHD1-rognee.jpg\",\"width\":1388,\"height\":2081},{\"@type\":\"WebPage\",\"@id\":\"https:\/\/add-modules.com\/fr\/le-produit\/#webpage\",\"url\":\"https:\/\/add-modules.com\/fr\/le-produit\/\",\"name\":\"[:fr]Le produit[:en]The product[:] - ADD Technologies: Aile gonflable de propulsion\",\"isPartOf\":{\"@id\":\"https:\/\/add-modules.com\/fr\/#website\"},\"primaryImageOfPage\":{\"@id\":\"https:\/\/add-modules.com\/fr\/le-produit\/#primaryimage\"},\"datePublished\":\"2021-11-01T14:59:01+00:00\",\"dateModified\":\"2026-03-04T08:16:15+00:00\",\"description\":\"An asymmetrical, self-tilting, edge-on-edge inflatable wing: the only one of its kind in the world!\",\"inLanguage\":\"fr-FR\",\"potentialAction\":[{\"@type\":\"ReadAction\",\"target\":[\"https:\/\/add-modules.com\/fr\/le-produit\/\"]}]}]}<\/script>\n<!-- \/ Yoast SEO plugin. -->","_links":{"self":[{"href":"https:\/\/add-modules.com\/fr\/wp-json\/wp\/v2\/pages\/1997","targetHints":{"allow":["GET"]}}],"collection":[{"href":"https:\/\/add-modules.com\/fr\/wp-json\/wp\/v2\/pages"}],"about":[{"href":"https:\/\/add-modules.com\/fr\/wp-json\/wp\/v2\/types\/page"}],"author":[{"embeddable":true,"href":"https:\/\/add-modules.com\/fr\/wp-json\/wp\/v2\/users\/1"}],"replies":[{"embeddable":true,"href":"https:\/\/add-modules.com\/fr\/wp-json\/wp\/v2\/comments?post=1997"}],"version-history":[{"count":0,"href":"https:\/\/add-modules.com\/fr\/wp-json\/wp\/v2\/pages\/1997\/revisions"}],"wp:attachment":[{"href":"https:\/\/add-modules.com\/fr\/wp-json\/wp\/v2\/media?parent=1997"}],"curies":[{"name":"wp","href":"https:\/\/api.w.org\/{rel}","templated":true}]}}