{"id":2000,"date":"2021-11-01T16:00:38","date_gmt":"2021-11-01T15:00:38","guid":{"rendered":"https:\/\/add-modules.com\/fr\/?page_id=2000"},"modified":"2026-02-06T13:53:01","modified_gmt":"2026-02-06T12:53:01","slug":"les-benefices","status":"publish","type":"page","link":"https:\/\/add-modules.com\/fr\/les-benefices\/","title":{"rendered":"Les B\u00e9n\u00e9fices"},"content":{"rendered":"<img loading=\"lazy\" decoding=\"async\" class=\"aligncenter wp-image-1469\" src=\"https:\/\/add-modules.com\/wp-content\/uploads\/2021\/03\/Visuel-site-FR-V-2.png\" alt=\"\" width=\"699\" height=\"393\" srcset=\"https:\/\/add-modules.com\/wp-content\/uploads\/2021\/03\/Visuel-site-FR-V-2.png 936w, https:\/\/add-modules.com\/wp-content\/uploads\/2021\/03\/Visuel-site-FR-V-2-300x169.png 300w, https:\/\/add-modules.com\/wp-content\/uploads\/2021\/03\/Visuel-site-FR-V-2-768x432.png 768w\" sizes=\"auto, (max-width: 699px) 100vw, 699px\" \/><\/p>\n<p style=\"text-align: justify;\"><span style=\"font-size: 12pt;\">ADD Modules system* apporte des b\u00e9n\u00e9fices majeurs: une performance imm\u00e9diate, une pratique et des man\u0153uvres facilit\u00e9es, un cycle de vie des voiles\u00a0 allong\u00e9.<\/span><\/p>\n<ul style=\"text-align: justify;\">\n<li style=\"text-align: justify;\"><span style=\"font-size: 12pt;\">La performance provient du profil \u00e9pais et asym\u00e9trique moins exigeant en r\u00e9glages: nous nous comparons \u00e0 ce qui se fait de mieux en voiles souples sans avoir constat\u00e9 de moins en performance\u00a0<\/span><\/li>\n<li><span style=\"font-size: 12pt;\">L&#8217;\u00e9paisseur du profil est modulable : il est possible de gonfler au vent, sous le vent ou les deux c\u00f4t\u00e9s \u00e0 la fois : sachant que la m\u00e9diane est le profil th\u00e9orique nous d\u00e9pla\u00e7ons la forme du profil et obtenons un profil plat ou creux \u00e0 volont\u00e9!<\/span><\/li>\n<li style=\"text-align: justify;\"><span style=\"font-size: 12pt;\">La performance de ADD Modules compar\u00e9e aux Ailes rigides provient de sa capacit\u00e9 \u00e0 twister : L&#8217;angle d&#8217;attaque d&#8217;une voile est l&#8217;angle qu&#8217;elle forme avec le vent&#8230; et le vent change de force (+10% \u00e0 10 m) et aussi de direction, en fonction de sa hauteur. L&#8217;Aile doit ajuster son profil en altitude ce qu&#8217;un syst\u00e8me rigide ne peut pas faire.<br \/>\n<\/span><\/li>\n<\/ul>\n<p><img loading=\"lazy\" decoding=\"async\" class=\"aligncenter size-full wp-image-2533\" src=\"https:\/\/add-modules.com\/wp-content\/uploads\/2025\/03\/vrillage-dune-Aile-1.png\" alt=\"\" width=\"540\" height=\"359\" srcset=\"https:\/\/add-modules.com\/wp-content\/uploads\/2025\/03\/vrillage-dune-Aile-1.png 540w, https:\/\/add-modules.com\/wp-content\/uploads\/2025\/03\/vrillage-dune-Aile-1-300x199.png 300w\" sizes=\"auto, (max-width: 540px) 100vw, 540px\" \/><\/p>\n<ul style=\"text-align: justify;\">\n<li><span style=\"font-size: 12pt;\">Les ailes des avions sont efficaces mais travaillent \u00e0 altitude constante. Les ailes utilis\u00e9es sur les navires travaillent verticalement. Les fournisseurs de syst\u00e8mes de propulsion rigides devraient utiliser ce type de produit pour confirmer leurs chiffres:<img loading=\"lazy\" decoding=\"async\" class=\"aligncenter size-full wp-image-2597\" src=\"https:\/\/add-modules.com\/wp-content\/uploads\/2026\/02\/Twisted-Flow-Wind-Tunnel-in-Aukland.png\" alt=\"\" width=\"832\" height=\"967\" srcset=\"https:\/\/add-modules.com\/wp-content\/uploads\/2026\/02\/Twisted-Flow-Wind-Tunnel-in-Aukland.png 832w, https:\/\/add-modules.com\/wp-content\/uploads\/2026\/02\/Twisted-Flow-Wind-Tunnel-in-Aukland-258x300.png 258w, https:\/\/add-modules.com\/wp-content\/uploads\/2026\/02\/Twisted-Flow-Wind-Tunnel-in-Aukland-768x893.png 768w\" sizes=\"auto, (max-width: 832px) 100vw, 832px\" \/><\/span><\/li>\n<li><span style=\"font-size: 12pt;\">Notre Aile ADD Modules est semi-rigide ce qui facilite son exploitation et les manipulations : la voile-aile se plie en toute autonomie sur des plis d\u00e9termin\u00e9s lors de sa conception et se transporte facilement\u00a0<\/span><\/li>\n<\/ul>\n<p><img loading=\"lazy\" decoding=\"async\" class=\"aligncenter size-full wp-image-1279\" src=\"https:\/\/add-modules.com\/wp-content\/uploads\/2020\/07\/pliage-de-la-voile.png\" alt=\"\" width=\"224\" height=\"312\" srcset=\"https:\/\/add-modules.com\/wp-content\/uploads\/2020\/07\/pliage-de-la-voile.png 224w, https:\/\/add-modules.com\/wp-content\/uploads\/2020\/07\/pliage-de-la-voile-215x300.png 215w\" sizes=\"auto, (max-width: 224px) 100vw, 224px\" \/><\/p>\n<ul style=\"text-align: justify;\">\n<li><span style=\"font-size: 12pt;\">Notre Aile ne faseye pas ce qui r\u00e9duit l&#8217;usure de ses composants et diminue le stress pour l&#8217;\u00e9quipage :\u00a0 un volume se d\u00e9place et\u00a0 apporte de l&#8217;inertie aux mouvements de l&#8217;aile. Nous avons compar\u00e9 la dur\u00e9e de vie de notre Aile par rapport \u00e0 une voile souple dans la p\u00eache : \u00e0 surface et g\u00e9om\u00e9trie \u00e9gales notre Aile dure 5 fois plus longtemps.<\/span><\/li>\n<\/ul>\n<p>&nbsp;<\/p>\n<p>&nbsp;\n<div style=\"padding-bottom:20px; padding-top:10px;\" class=\"hupso-share-buttons\"><!-- Hupso Share Buttons - https:\/\/www.hupso.com\/share\/ --><a class=\"hupso_toolbar\" href=\"https:\/\/www.hupso.com\/share\/\"><img decoding=\"async\" src=\"https:\/\/static.hupso.com\/share\/buttons\/share-medium.png\" style=\"border:0px; padding-top: 5px; float:left;\" alt=\"Share Button\"\/><\/a><script type=\"text\/javascript\">var hupso_services_t=new Array(\"Twitter\",\"Facebook\");var hupso_background_t=\"#EAF4FF\";var hupso_border_t=\"#66CCFF\";var hupso_toolbar_size_t=\"medium\";var hupso_image_folder_url = \"\";var hupso_url_t=\"\";var hupso_title_t=\"%5B%3Afr%5DLes%20B%C3%A9n%C3%A9fices%5B%3Aen%5DKey%20benefits%5B%3A%5D\";<\/script><script type=\"text\/javascript\" src=\"https:\/\/static.hupso.com\/share\/js\/share_toolbar.js\"><\/script><!-- Hupso Share Buttons --><\/div>","protected":false},"excerpt":{"rendered":"<p>ADD Modules system* apporte des b\u00e9n\u00e9fices majeurs: une performance imm\u00e9diate, une pratique et des man\u0153uvres facilit\u00e9es, un cycle de vie des voiles\u00a0 allong\u00e9. La performance provient du profil \u00e9pais et asym\u00e9trique moins exigeant en r\u00e9glages: nous nous comparons \u00e0 ce qui se fait de mieux en voiles souples sans avoir constat\u00e9 de moins en performance\u00a0&#8230;<\/p>\n<div class=\"read-more\"><a href=\"https:\/\/add-modules.com\/fr\/les-benefices\/\">Lire la suite<\/a><\/div>\n","protected":false},"author":1,"featured_media":0,"parent":0,"menu_order":0,"comment_status":"closed","ping_status":"closed","template":"","meta":{"footnotes":""},"class_list":["post-2000","page","type-page","status-publish","hentry"],"yoast_head":"<!-- This site is optimized with the Yoast SEO plugin v15.7 - https:\/\/yoast.com\/wordpress\/plugins\/seo\/ -->\n<title>Les B\u00e9n\u00e9fices - ADD Technologies: Aile gonflable de propulsion<\/title>\n<meta name=\"robots\" content=\"index, follow, max-snippet:-1, max-image-preview:large, max-video-preview:-1\" \/>\n<link rel=\"canonical\" href=\"https:\/\/add-modules.com\/fr\/les-benefices\/\" \/>\n<meta property=\"og:locale\" content=\"fr_FR\" \/>\n<meta property=\"og:type\" content=\"article\" \/>\n<meta property=\"og:title\" content=\"[:fr]Les B\u00e9n\u00e9fices[:en]Key benefits[:] - ADD Technologies: Aile gonflable de propulsion\" \/>\n<meta property=\"og:description\" content=\"ADD Modules system* apporte des b\u00e9n\u00e9fices majeurs: une performance imm\u00e9diate, une pratique et des man\u0153uvres facilit\u00e9es, un cycle de vie des voiles\u00a0 allong\u00e9. La performance provient du profil \u00e9pais et asym\u00e9trique moins exigeant en r\u00e9glages: nous nous comparons \u00e0 ce qui se fait de mieux en voiles souples sans avoir constat\u00e9 de moins en performance\u00a0...Lire la suite\" \/>\n<meta property=\"og:url\" content=\"https:\/\/add-modules.com\/fr\/les-benefices\/\" \/>\n<meta property=\"og:site_name\" content=\"ADD Technologies: Aile gonflable de propulsion\" \/>\n<meta property=\"article:modified_time\" content=\"2026-02-06T12:53:01+00:00\" \/>\n<meta property=\"og:image\" content=\"https:\/\/add-modules.com\/wp-content\/uploads\/2021\/03\/Visuel-site-FR-V-2.png\" \/>\n<meta name=\"twitter:card\" content=\"summary\" \/>\n<meta name=\"twitter:label1\" content=\"Dur\u00e9e de lecture est.\">\n\t<meta name=\"twitter:data1\" content=\"2 minutes\">\n<script type=\"application\/ld+json\" class=\"yoast-schema-graph\">{\"@context\":\"https:\/\/schema.org\",\"@graph\":[{\"@type\":\"WebSite\",\"@id\":\"https:\/\/add-modules.com\/fr\/#website\",\"url\":\"https:\/\/add-modules.com\/fr\/\",\"name\":\"Add-Modules : Voile Aile gonflable\",\"description\":\"ADD Technologies :                  Donner des Ailes aux voiles\",\"potentialAction\":[{\"@type\":\"SearchAction\",\"target\":\"https:\/\/add-modules.com\/fr\/?s={search_term_string}\",\"query-input\":\"required name=search_term_string\"}],\"inLanguage\":\"fr-FR\"},{\"@type\":\"ImageObject\",\"@id\":\"https:\/\/add-modules.com\/fr\/les-benefices\/#primaryimage\",\"inLanguage\":\"fr-FR\",\"url\":\"https:\/\/add-modules.com\/wp-content\/uploads\/2021\/03\/Visuel-site-FR-V-2.png\",\"width\":936,\"height\":527},{\"@type\":\"WebPage\",\"@id\":\"https:\/\/add-modules.com\/fr\/les-benefices\/#webpage\",\"url\":\"https:\/\/add-modules.com\/fr\/les-benefices\/\",\"name\":\"[:fr]Les B\\u00e9n\\u00e9fices[:en]Key benefits[:] - ADD Technologies: Aile gonflable de propulsion\",\"isPartOf\":{\"@id\":\"https:\/\/add-modules.com\/fr\/#website\"},\"primaryImageOfPage\":{\"@id\":\"https:\/\/add-modules.com\/fr\/les-benefices\/#primaryimage\"},\"datePublished\":\"2021-11-01T15:00:38+00:00\",\"dateModified\":\"2026-02-06T12:53:01+00:00\",\"inLanguage\":\"fr-FR\",\"potentialAction\":[{\"@type\":\"ReadAction\",\"target\":[\"https:\/\/add-modules.com\/fr\/les-benefices\/\"]}]}]}<\/script>\n<!-- \/ Yoast SEO plugin. -->","_links":{"self":[{"href":"https:\/\/add-modules.com\/fr\/wp-json\/wp\/v2\/pages\/2000","targetHints":{"allow":["GET"]}}],"collection":[{"href":"https:\/\/add-modules.com\/fr\/wp-json\/wp\/v2\/pages"}],"about":[{"href":"https:\/\/add-modules.com\/fr\/wp-json\/wp\/v2\/types\/page"}],"author":[{"embeddable":true,"href":"https:\/\/add-modules.com\/fr\/wp-json\/wp\/v2\/users\/1"}],"replies":[{"embeddable":true,"href":"https:\/\/add-modules.com\/fr\/wp-json\/wp\/v2\/comments?post=2000"}],"version-history":[{"count":0,"href":"https:\/\/add-modules.com\/fr\/wp-json\/wp\/v2\/pages\/2000\/revisions"}],"wp:attachment":[{"href":"https:\/\/add-modules.com\/fr\/wp-json\/wp\/v2\/media?parent=2000"}],"curies":[{"name":"wp","href":"https:\/\/api.w.org\/{rel}","templated":true}]}}