{"id":2004,"date":"2021-11-01T16:03:55","date_gmt":"2021-11-01T15:03:55","guid":{"rendered":"https:\/\/add-modules.com\/fr\/?page_id=2004"},"modified":"2025-12-30T11:26:05","modified_gmt":"2025-12-30T10:26:05","slug":"dates-cles","status":"publish","type":"page","link":"https:\/\/add-modules.com\/fr\/dates-cles\/","title":{"rendered":"Dates cl\u00e9s"},"content":{"rendered":"<span style=\"color: #ff6600; background-color: #ffffff; font-size: 14pt;\"><strong>2023<\/strong><\/span><\/p>\n<p><span style=\"font-size: 12pt;\">Projet ADDWINGSAIL : Etude de faisabilit\u00e9 termin\u00e9e, Approbation de Principe obtenue, financements obtenus : <\/span><\/p>\n<p><span style=\"font-size: 12pt;\">Laur\u00e9at du concours i-Nov France 2030<\/span><\/p>\n<p><span style=\"color: #ff6600; font-size: 14pt;\"><strong>2022<\/strong><\/span><\/p>\n<p><span style=\"font-size: 12pt;\">G\u00e9nois gonflable sur \u00e9tai mat de 20 m\u00e8tres (\u00e9chelle 1\/2 des besoins de la marine industrielle)<strong> : validation et optimisation<\/strong><\/span><\/p>\n<p><span style=\"color: #ff6600; font-size: 14pt;\"><strong>2021<\/strong><\/span><\/p>\n<p><span style=\"color: #333333; font-size: 12pt;\"><strong>Travers\u00e9e de l&#8217;Atlantique &#8220;Mini-Transat 2021&#8221; Voile-aile AWP system:<\/strong> validation de la performance et facilit\u00e9 de la pratique<\/span><\/p>\n<p><span style=\"font-size: 12pt;\">Voile-Aile sur \u00e9tai d&#8217;un mat de 20 m\u00e8tres en test : <strong>\u00e9chelle 1\/2 des besoins de la marine industrielle<\/strong><\/span><\/p>\n<p><span style=\"font-size: 14pt;\"><strong><span style=\"color: #ff6600;\">2020<\/span><\/strong><\/span><\/p>\n<p><span style=\"color: #333333; font-size: 12pt;\">Installation d&#8217;une v<strong>oile anti-roulis ADD-Modules<\/strong> sur fileyeur Oc\u00e9ania (AY) : validation de la durabilit\u00e9 du produit et des b\u00e9n\u00e9fices en stabilit\u00e9<\/span><\/p>\n<p><span style=\"font-size: 12pt;\">Les Sables -Les A\u00e7ores- Les Sables: premiers tests hauturiers de la<strong> Voile-aile AWP system<\/strong> en Mini 650 (Vainqueur au classement non officiel des bateaux ancienne g\u00e9n\u00e9ration dits &#8220;pointus&#8221;)<\/span><\/p>\n<p><strong><span style=\"color: #ff6600; font-size: 14pt;\">2019<\/span><\/strong><\/p>\n<p><span style=\"color: #333333; font-size: 12pt;\"><strong>S\u00e9lectionn\u00e9 en priorit\u00e9 1 par le jury du CORIMER<\/strong> pr\u00e9sid\u00e9 par Michel Desjoyeaux<\/span><\/p>\n<p><span style=\"font-size: 14pt;\"><strong><span style=\"color: #ff6600;\">2019<\/span><\/strong><\/span><\/p>\n<p><span style=\"color: #333333; font-size: 12pt;\">Cr\u00e9ation de la <strong>SAS ADD technologies<\/strong><\/span><\/p>\n<p><span style=\"font-size: 14pt;\"><strong><span style=\"color: #ff6600;\">2007- 2017\u00a0<\/span><\/strong><\/span><\/p>\n<p><strong><span style=\"font-size: 12pt;\">Recherche et d\u00e9veloppement, syst\u00e8me brevet\u00e9<\/span><\/strong><\/p>\n<p>&nbsp;\n<div style=\"padding-bottom:20px; padding-top:10px;\" class=\"hupso-share-buttons\"><!-- Hupso Share Buttons - https:\/\/www.hupso.com\/share\/ --><a class=\"hupso_toolbar\" href=\"https:\/\/www.hupso.com\/share\/\"><img decoding=\"async\" src=\"https:\/\/static.hupso.com\/share\/buttons\/share-medium.png\" style=\"border:0px; padding-top: 5px; float:left;\" alt=\"Share Button\"\/><\/a><script type=\"text\/javascript\">var hupso_services_t=new Array(\"Twitter\",\"Facebook\");var hupso_background_t=\"#EAF4FF\";var hupso_border_t=\"#66CCFF\";var hupso_toolbar_size_t=\"medium\";var hupso_image_folder_url = \"\";var hupso_url_t=\"\";var hupso_title_t=\"%5B%3Afr%5DDates%20cl%C3%A9s%5B%3Aen%5DKey%20dates%5B%3A%5D\";<\/script><script type=\"text\/javascript\" src=\"https:\/\/static.hupso.com\/share\/js\/share_toolbar.js\"><\/script><!-- Hupso Share Buttons --><\/div>","protected":false},"excerpt":{"rendered":"<p>2023 Projet ADDWINGSAIL : Etude de faisabilit\u00e9 termin\u00e9e, Approbation de Principe obtenue, financements obtenus : Laur\u00e9at du concours i-Nov France 2030 2022 G\u00e9nois gonflable sur \u00e9tai mat de 20 m\u00e8tres (\u00e9chelle 1\/2 des besoins de la marine industrielle) : validation et optimisation 2021 Travers\u00e9e de l&#8217;Atlantique &#8220;Mini-Transat 2021&#8221; Voile-aile AWP system: validation de la performance&#8230;<\/p>\n<div class=\"read-more\"><a href=\"https:\/\/add-modules.com\/fr\/dates-cles\/\">Lire la suite<\/a><\/div>\n","protected":false},"author":1,"featured_media":0,"parent":0,"menu_order":0,"comment_status":"closed","ping_status":"closed","template":"","meta":{"footnotes":""},"class_list":["post-2004","page","type-page","status-publish","hentry"],"yoast_head":"<!-- This site is optimized with the Yoast SEO plugin v15.7 - https:\/\/yoast.com\/wordpress\/plugins\/seo\/ -->\n<title>Dates cl\u00e9s - ADD Technologies: Aile gonflable de propulsion<\/title>\n<meta name=\"robots\" content=\"index, follow, max-snippet:-1, max-image-preview:large, max-video-preview:-1\" \/>\n<link rel=\"canonical\" href=\"https:\/\/add-modules.com\/fr\/dates-cles\/\" \/>\n<meta property=\"og:locale\" content=\"fr_FR\" \/>\n<meta property=\"og:type\" content=\"article\" \/>\n<meta property=\"og:title\" content=\"[:fr]Dates cl\u00e9s[:en]Key dates[:] - ADD Technologies: Aile gonflable de propulsion\" \/>\n<meta property=\"og:description\" content=\"2023 Projet ADDWINGSAIL : Etude de faisabilit\u00e9 termin\u00e9e, Approbation de Principe obtenue, financements obtenus : Laur\u00e9at du concours i-Nov France 2030 2022 G\u00e9nois gonflable sur \u00e9tai mat de 20 m\u00e8tres (\u00e9chelle 1\/2 des besoins de la marine industrielle) : validation et optimisation 2021 Travers\u00e9e de l&#8217;Atlantique &#8220;Mini-Transat 2021&#8221; Voile-aile AWP system: validation de la performance...Lire la suite\" \/>\n<meta property=\"og:url\" content=\"https:\/\/add-modules.com\/fr\/dates-cles\/\" \/>\n<meta property=\"og:site_name\" content=\"ADD Technologies: Aile gonflable de propulsion\" \/>\n<meta property=\"article:modified_time\" content=\"2025-12-30T10:26:05+00:00\" \/>\n<meta name=\"twitter:card\" content=\"summary\" \/>\n<meta name=\"twitter:label1\" content=\"Dur\u00e9e de lecture est.\">\n\t<meta name=\"twitter:data1\" content=\"1 minute\">\n<script type=\"application\/ld+json\" class=\"yoast-schema-graph\">{\"@context\":\"https:\/\/schema.org\",\"@graph\":[{\"@type\":\"WebSite\",\"@id\":\"https:\/\/add-modules.com\/fr\/#website\",\"url\":\"https:\/\/add-modules.com\/fr\/\",\"name\":\"Add-Modules : Voile Aile gonflable\",\"description\":\"ADD Technologies :                  Donner des Ailes aux voiles\",\"potentialAction\":[{\"@type\":\"SearchAction\",\"target\":\"https:\/\/add-modules.com\/fr\/?s={search_term_string}\",\"query-input\":\"required name=search_term_string\"}],\"inLanguage\":\"fr-FR\"},{\"@type\":\"WebPage\",\"@id\":\"https:\/\/add-modules.com\/fr\/dates-cles\/#webpage\",\"url\":\"https:\/\/add-modules.com\/fr\/dates-cles\/\",\"name\":\"[:fr]Dates cl\\u00e9s[:en]Key dates[:] - ADD Technologies: Aile gonflable de propulsion\",\"isPartOf\":{\"@id\":\"https:\/\/add-modules.com\/fr\/#website\"},\"datePublished\":\"2021-11-01T15:03:55+00:00\",\"dateModified\":\"2025-12-30T10:26:05+00:00\",\"inLanguage\":\"fr-FR\",\"potentialAction\":[{\"@type\":\"ReadAction\",\"target\":[\"https:\/\/add-modules.com\/fr\/dates-cles\/\"]}]}]}<\/script>\n<!-- \/ Yoast SEO plugin. -->","_links":{"self":[{"href":"https:\/\/add-modules.com\/fr\/wp-json\/wp\/v2\/pages\/2004","targetHints":{"allow":["GET"]}}],"collection":[{"href":"https:\/\/add-modules.com\/fr\/wp-json\/wp\/v2\/pages"}],"about":[{"href":"https:\/\/add-modules.com\/fr\/wp-json\/wp\/v2\/types\/page"}],"author":[{"embeddable":true,"href":"https:\/\/add-modules.com\/fr\/wp-json\/wp\/v2\/users\/1"}],"replies":[{"embeddable":true,"href":"https:\/\/add-modules.com\/fr\/wp-json\/wp\/v2\/comments?post=2004"}],"version-history":[{"count":0,"href":"https:\/\/add-modules.com\/fr\/wp-json\/wp\/v2\/pages\/2004\/revisions"}],"wp:attachment":[{"href":"https:\/\/add-modules.com\/fr\/wp-json\/wp\/v2\/media?parent=2004"}],"curies":[{"name":"wp","href":"https:\/\/api.w.org\/{rel}","templated":true}]}}