{"id":2479,"date":"2024-11-27T13:18:57","date_gmt":"2024-11-27T12:18:57","guid":{"rendered":"https:\/\/add-modules.com\/fr\/?page_id=2479"},"modified":"2024-11-27T13:32:38","modified_gmt":"2024-11-27T12:32:38","slug":"videos","status":"publish","type":"page","link":"https:\/\/add-modules.com\/fr\/videos\/","title":{"rendered":"VIDEOS"},"content":{"rendered":"<span style=\"font-size: 12pt;\"><strong>COURSE AU LARGE\u00a0 : <\/strong>\u00a0<span style=\"color: #0000ff;\"><a style=\"color: #0000ff;\" href=\"https:\/\/youtu.be\/mGqNOQTcZsM\">Vid\u00e9o. Un concept de voile \u00e9paisse en test sur un mini 6.50<\/a><\/span><\/span><\/p>\n<p><span style=\"font-size: 12pt;\"><img loading=\"lazy\" decoding=\"async\" class=\"alignright wp-image-1523\" src=\"https:\/\/add-modules.com\/wp-content\/uploads\/2021\/04\/spi-ouest.png\" alt=\"\" width=\"245\" height=\"148\" \/><\/span><\/p>\n<p style=\"text-align: justify;\"><span style=\"font-size: 12pt;\">Un partenariat enrichissant entre notre syst\u00e8me ADD Modules et la voilerie All Purpose qui a permis \u00e0 Destination Morbihan de prendre la mer avec une voile gonflable. Interview de R\u00e9mi Aubrun.<\/span><\/p>\n<p>&nbsp;<\/p>\n<p style=\"text-align: right;\"><a href=\"http:\/\/iframe%20width=560%20height=315%20src=https:\/\/www.youtube-nocookie.com\/embed\/mGqNOQTcZsM%20title=YouTube%20video%20player%20frameborder=0%20allow=accelerometer;%20autoplay;%20clipboard-write;%20encrypted-media;%20gyroscope;%20picture-in-picture%20allowfullscreen\/iframe\">http:\/\/<iframe loading=\"lazy\" title=\"YouTube video player\" src=\"https:\/\/www.youtube-nocookie.com\/embed\/mGqNOQTcZsM\" width=\"560\" height=\"315\" frameborder=\"0\" allowfullscreen=\"allowfullscreen\" data-mce-fragment=\"1\"><\/iframe><\/a><\/p>\n<p>&nbsp;<\/p>\n<p>&nbsp;<\/p>\n<p><span style=\"font-size: 12pt;\"><strong>COURSE AU LARGE :\u00a0<span style=\"color: #0000ff;\"> <a style=\"color: #0000ff;\" href=\"https:\/\/add-modules.com\/wp-content\/uploads\/2020\/11\/ADD-Technologies-article-Le-Telegramme-2-.pdf\">&#8220;Gonfl\u00e9e cette voile ! &#8221; article Le T\u00e9l\u00e9gramme<\/a><\/span><\/strong><\/span><\/p>\n<p><span style=\"font-size: 12pt;\"><img loading=\"lazy\" decoding=\"async\" class=\"alignright wp-image-1521\" src=\"https:\/\/add-modules.com\/wp-content\/uploads\/2021\/04\/hUGO.png\" alt=\"\" width=\"245\" height=\"172\" \/><\/span><\/p>\n<p style=\"text-align: justify;\"><span style=\"font-size: 12pt;\">Une course boost\u00e9e gr\u00e2ce au syst\u00e8me ADD Modules sur le mini 6.50 d\u2019Hugo Lauras. Une voile qui peut s\u2019autor\u00e9guler \u00e0 \u00e9coute constante, une avanc\u00e9e majeure pour les courses au large \u00e0 venir et la propulsion \u00e0 la voile en g\u00e9n\u00e9ral.<\/span><\/p>\n<p><a href=\"http:\/\/iframe%20width=560%20height=315%20src=https:\/\/www.youtube-nocookie.com\/embed\/kFBlpI1gnQQ%20title=YouTube%20video%20player%20frameborder=0%20allow=accelerometer;%20autoplay;%20clipboard-write;%20encrypted-media;%20gyroscope;%20picture-in-picture%20allowfullscreen\/iframe\">http:\/\/<iframe loading=\"lazy\" title=\"YouTube video player\" src=\"https:\/\/www.youtube-nocookie.com\/embed\/kFBlpI1gnQQ\" width=\"560\" height=\"315\" frameborder=\"0\" allowfullscreen=\"allowfullscreen\" data-mce-fragment=\"1\"><\/iframe><\/a><\/p>\n<p>&nbsp;<\/p>\n<p style=\"text-align: left;\"><strong><span style=\"font-size: 12pt;\">P<\/span><span style=\"font-size: 12pt;\">\u00ca<\/span><\/strong><span style=\"font-size: 12pt;\"><strong>CHE :<span style=\"color: #0000ff;\"><a style=\"word-spacing: normal; color: #0000ff;\" href=\"https:\/\/add-modules.com\/wp-content\/uploads\/2020\/11\/La-voile-du-futur-au-banc-dessai-de-la-peche-a-Quiberon-Quiberon-Le-Telegramme.pdf\">&#8220;La voile du futur au banc d\u2019essai de la p\u00eache \u00e0 Quiberon&#8221; &#8211; Quiberon &#8211; Le T\u00e9l\u00e9gramme<\/a><\/span><\/strong><\/span><\/p>\n<p><span style=\"font-size: 12pt;\"><img loading=\"lazy\" decoding=\"async\" class=\"wp-image-1520 alignleft\" src=\"https:\/\/add-modules.com\/wp-content\/uploads\/2021\/04\/BATEAU-PECHE-T2L2GRAMME.png\" alt=\"\" width=\"245\" height=\"148\" srcset=\"https:\/\/add-modules.com\/wp-content\/uploads\/2021\/04\/BATEAU-PECHE-T2L2GRAMME.png 319w, https:\/\/add-modules.com\/wp-content\/uploads\/2021\/04\/BATEAU-PECHE-T2L2GRAMME-300x182.png 300w, https:\/\/add-modules.com\/wp-content\/uploads\/2021\/04\/BATEAU-PECHE-T2L2GRAMME-280x168.png 280w\" sizes=\"auto, (max-width: 245px) 100vw, 245px\" \/><\/span><\/p>\n<p style=\"text-align: justify;\"><span style=\"font-size: 12pt;\">ADD Technologies a con\u00e7u une voile semi-rigide \u00e0 profil \u00e9pais qui peut s\u2019adapter \u00e0 tous les bateaux, m\u00eame \u00e0 l\u2019Oceania, le bateau de Romain Auffret, patron p\u00eacheur de Quiberon.<\/span><\/p>\n<p style=\"text-align: justify;\"><span style=\"font-size: 12pt;\">Un tape-cul qui permet de gagner en stabilit\u00e9 et en durabilit\u00e9. Un pas de plus vers le transport maritime<\/span><\/p>\n<p><a href=\"http:\/\/iframe%20width=560%20height=315%20src=https:\/\/www.youtube-nocookie.com\/embed\/lraghyvd_ys%20title=YouTube%20video%20player%20frameborder=0%20allow=accelerometer;%20autoplay;%20clipboard-write;%20encrypted-media;%20gyroscope;%20picture-in-picture%20allowfullscreen\/iframe\">http:\/\/<iframe loading=\"lazy\" title=\"YouTube video player\" src=\"https:\/\/www.youtube-nocookie.com\/embed\/lraghyvd_ys\" width=\"560\" height=\"315\" frameborder=\"0\" allowfullscreen=\"allowfullscreen\" data-mce-fragment=\"1\"><\/iframe><\/a><\/p>\n<p>&nbsp;<\/p>\n<p>&nbsp;\n<div style=\"padding-bottom:20px; padding-top:10px;\" class=\"hupso-share-buttons\"><!-- Hupso Share Buttons - https:\/\/www.hupso.com\/share\/ --><a class=\"hupso_toolbar\" href=\"https:\/\/www.hupso.com\/share\/\"><img decoding=\"async\" src=\"https:\/\/static.hupso.com\/share\/buttons\/share-medium.png\" style=\"border:0px; padding-top: 5px; float:left;\" alt=\"Share Button\"\/><\/a><script type=\"text\/javascript\">var hupso_services_t=new Array(\"Twitter\",\"Facebook\");var hupso_background_t=\"#EAF4FF\";var hupso_border_t=\"#66CCFF\";var hupso_toolbar_size_t=\"medium\";var hupso_image_folder_url = \"\";var hupso_url_t=\"\";var hupso_title_t=\"%5B%3Afr%5DVIDEOS%5B%3A%5D\";<\/script><script type=\"text\/javascript\" src=\"https:\/\/static.hupso.com\/share\/js\/share_toolbar.js\"><\/script><!-- Hupso Share Buttons --><\/div>","protected":false},"excerpt":{"rendered":"<p>COURSE AU LARGE\u00a0 : \u00a0Vid\u00e9o. Un concept de voile \u00e9paisse en test sur un mini 6.50 Un partenariat enrichissant entre notre syst\u00e8me ADD Modules et la voilerie All Purpose qui a permis \u00e0 Destination Morbihan de prendre la mer avec une voile gonflable. Interview de R\u00e9mi Aubrun. &nbsp; http:\/\/ &nbsp; &nbsp; COURSE AU LARGE :\u00a0&#8230;<\/p>\n<div class=\"read-more\"><a href=\"https:\/\/add-modules.com\/fr\/videos\/\">Lire la suite<\/a><\/div>\n","protected":false},"author":1,"featured_media":0,"parent":0,"menu_order":0,"comment_status":"closed","ping_status":"closed","template":"","meta":{"footnotes":""},"class_list":["post-2479","page","type-page","status-publish","hentry"],"yoast_head":"<!-- This site is optimized with the Yoast SEO plugin v15.7 - https:\/\/yoast.com\/wordpress\/plugins\/seo\/ -->\n<title>VIDEOS - ADD Technologies: Aile gonflable de propulsion<\/title>\n<meta name=\"robots\" content=\"index, follow, max-snippet:-1, max-image-preview:large, max-video-preview:-1\" \/>\n<link rel=\"canonical\" href=\"https:\/\/add-modules.com\/fr\/videos\/\" \/>\n<meta property=\"og:locale\" content=\"fr_FR\" \/>\n<meta property=\"og:type\" content=\"article\" \/>\n<meta property=\"og:title\" content=\"[:fr]VIDEOS[:] - ADD Technologies: Aile gonflable de propulsion\" \/>\n<meta property=\"og:description\" content=\"COURSE AU LARGE\u00a0 : \u00a0Vid\u00e9o. Un concept de voile \u00e9paisse en test sur un mini 6.50 Un partenariat enrichissant entre notre syst\u00e8me ADD Modules et la voilerie All Purpose qui a permis \u00e0 Destination Morbihan de prendre la mer avec une voile gonflable. Interview de R\u00e9mi Aubrun. &nbsp; http:\/\/ &nbsp; &nbsp; COURSE AU LARGE :\u00a0...Lire la suite\" \/>\n<meta property=\"og:url\" content=\"https:\/\/add-modules.com\/fr\/videos\/\" \/>\n<meta property=\"og:site_name\" content=\"ADD Technologies: Aile gonflable de propulsion\" \/>\n<meta property=\"article:modified_time\" content=\"2024-11-27T12:32:38+00:00\" \/>\n<meta property=\"og:image\" content=\"https:\/\/add-modules.com\/wp-content\/uploads\/2021\/04\/spi-ouest.png\" \/>\n<meta name=\"twitter:card\" content=\"summary\" \/>\n<meta name=\"twitter:label1\" content=\"Dur\u00e9e de lecture est.\">\n\t<meta name=\"twitter:data1\" content=\"2 minutes\">\n<script type=\"application\/ld+json\" class=\"yoast-schema-graph\">{\"@context\":\"https:\/\/schema.org\",\"@graph\":[{\"@type\":\"WebSite\",\"@id\":\"https:\/\/add-modules.com\/fr\/#website\",\"url\":\"https:\/\/add-modules.com\/fr\/\",\"name\":\"Add-Modules : Voile Aile gonflable\",\"description\":\"ADD Technologies :                  Donner des Ailes aux voiles\",\"potentialAction\":[{\"@type\":\"SearchAction\",\"target\":\"https:\/\/add-modules.com\/fr\/?s={search_term_string}\",\"query-input\":\"required name=search_term_string\"}],\"inLanguage\":\"fr-FR\"},{\"@type\":\"ImageObject\",\"@id\":\"https:\/\/add-modules.com\/fr\/videos\/#primaryimage\",\"inLanguage\":\"fr-FR\",\"url\":\"https:\/\/add-modules.com\/wp-content\/uploads\/2021\/04\/spi-ouest.png\",\"width\":213,\"height\":129},{\"@type\":\"WebPage\",\"@id\":\"https:\/\/add-modules.com\/fr\/videos\/#webpage\",\"url\":\"https:\/\/add-modules.com\/fr\/videos\/\",\"name\":\"[:fr]VIDEOS[:] - ADD Technologies: Aile gonflable de propulsion\",\"isPartOf\":{\"@id\":\"https:\/\/add-modules.com\/fr\/#website\"},\"primaryImageOfPage\":{\"@id\":\"https:\/\/add-modules.com\/fr\/videos\/#primaryimage\"},\"datePublished\":\"2024-11-27T12:18:57+00:00\",\"dateModified\":\"2024-11-27T12:32:38+00:00\",\"inLanguage\":\"fr-FR\",\"potentialAction\":[{\"@type\":\"ReadAction\",\"target\":[\"https:\/\/add-modules.com\/fr\/videos\/\"]}]}]}<\/script>\n<!-- \/ Yoast SEO plugin. -->","_links":{"self":[{"href":"https:\/\/add-modules.com\/fr\/wp-json\/wp\/v2\/pages\/2479","targetHints":{"allow":["GET"]}}],"collection":[{"href":"https:\/\/add-modules.com\/fr\/wp-json\/wp\/v2\/pages"}],"about":[{"href":"https:\/\/add-modules.com\/fr\/wp-json\/wp\/v2\/types\/page"}],"author":[{"embeddable":true,"href":"https:\/\/add-modules.com\/fr\/wp-json\/wp\/v2\/users\/1"}],"replies":[{"embeddable":true,"href":"https:\/\/add-modules.com\/fr\/wp-json\/wp\/v2\/comments?post=2479"}],"version-history":[{"count":0,"href":"https:\/\/add-modules.com\/fr\/wp-json\/wp\/v2\/pages\/2479\/revisions"}],"wp:attachment":[{"href":"https:\/\/add-modules.com\/fr\/wp-json\/wp\/v2\/media?parent=2479"}],"curies":[{"name":"wp","href":"https:\/\/api.w.org\/{rel}","templated":true}]}}