{"id":4,"date":"2015-11-09T09:43:34","date_gmt":"2015-11-09T08:43:34","guid":{"rendered":"http:\/\/add-modules.com\/?page_id=4"},"modified":"2026-03-04T09:12:24","modified_gmt":"2026-03-04T08:12:24","slug":"actualites-add-modules-voile-aile","status":"publish","type":"page","link":"https:\/\/add-modules.com\/fr\/","title":{"rendered":"ACCUEIL ADD Technologies &#8211;  Voile Gonflable &#8211; wind propulsion"},"content":{"rendered":"<p style=\"text-align: center;\"><em><span style=\"font-size: 18pt; color: #333333;\"><strong>Un syst\u00e8me innovant de propulsion \u00e0 la voile <\/strong><\/span><\/em><\/p>\n<p style=\"text-align: center;\"><em><span style=\"font-size: 18pt; color: #333333;\"><strong>pour ceux qui ont l&#8217;audace de choisir le vent pour se d\u00e9placer<\/strong><\/span><\/em><\/p>\n<p style=\"text-align: center;\"><iframe loading=\"lazy\" title=\"YouTube video player\" src=\"https:\/\/www.youtube.com\/embed\/ZN1Zfesg6a4\" width=\"560\" height=\"315\" frameborder=\"0\" allowfullscreen=\"allowfullscreen\"><\/iframe><\/p>\n<p style=\"text-align: center;\"><em style=\"text-align: center;\"><strong><span style=\"font-size: 12pt;\">ADD Technologies fournit une voile-aile gonflable asym\u00e9trique d&#8217;une meilleure efficacit\u00e9 et long\u00e9vit\u00e9 <\/span><\/strong><\/em><\/p>\n<p style=\"text-align: center;\"><em style=\"text-align: center;\"><strong><span style=\"font-size: 12pt;\">compar\u00e9e aux voiles souples de comp\u00e9tition du march\u00e9\u00a0<\/span><\/strong><\/em><\/p>\n<p>&nbsp;<\/p>\n<p style=\"text-align: justify;\"><span style=\"font-size: 12pt;\"><strong>Nous sommes fiers d&#8217;\u00eatre laur\u00e9at du concours d&#8217;innovation<\/strong><strong><a href=\"https:\/\/presse.ademe.fr\/2023\/07\/france-2030-237-laureats-recompenses-lors-de-la-ceremonie-2022-2023-des-concours-dinnovation-de-letat.html\">\u00a0i-Nov<\/a><\/strong><strong> du plan France 2030 op\u00e9r\u00e9 par Bpifrance en partenariat avec l&#8217;ADEME <\/strong><strong>dans la cat\u00e9gorie mobilit\u00e9 : Une belle r\u00e9compense pour notre engagement au quotidien dans le processus de d\u00e9carbonation de la marine industrielle!<\/strong><\/span><\/p>\n<p><img loading=\"lazy\" decoding=\"async\" class=\"aligncenter size-large wp-image-2343\" src=\"https:\/\/add-modules.com\/wp-content\/uploads\/2023\/09\/IMG_0485-rognee-Coupee-1024x487.jpg\" alt=\"\" width=\"595\" height=\"283\" srcset=\"https:\/\/add-modules.com\/wp-content\/uploads\/2023\/09\/IMG_0485-rognee-Coupee-1024x487.jpg 1024w, https:\/\/add-modules.com\/wp-content\/uploads\/2023\/09\/IMG_0485-rognee-Coupee-300x143.jpg 300w, https:\/\/add-modules.com\/wp-content\/uploads\/2023\/09\/IMG_0485-rognee-Coupee-768x365.jpg 768w, https:\/\/add-modules.com\/wp-content\/uploads\/2023\/09\/IMG_0485-rognee-Coupee-1536x731.jpg 1536w, https:\/\/add-modules.com\/wp-content\/uploads\/2023\/09\/IMG_0485-rognee-Coupee-2048x975.jpg 2048w\" sizes=\"auto, (max-width: 595px) 100vw, 595px\" \/><\/p>\n<p><img loading=\"lazy\" decoding=\"async\" class=\"aligncenter size-large wp-image-2414\" src=\"https:\/\/add-modules.com\/wp-content\/uploads\/2024\/03\/ADDWINGSAIL-1024x724.jpg\" alt=\"\" width=\"595\" height=\"421\" srcset=\"https:\/\/add-modules.com\/wp-content\/uploads\/2024\/03\/ADDWINGSAIL-1024x724.jpg 1024w, https:\/\/add-modules.com\/wp-content\/uploads\/2024\/03\/ADDWINGSAIL-300x212.jpg 300w, https:\/\/add-modules.com\/wp-content\/uploads\/2024\/03\/ADDWINGSAIL-768x543.jpg 768w, https:\/\/add-modules.com\/wp-content\/uploads\/2024\/03\/ADDWINGSAIL-1536x1086.jpg 1536w, https:\/\/add-modules.com\/wp-content\/uploads\/2024\/03\/ADDWINGSAIL.jpg 1754w\" sizes=\"auto, (max-width: 595px) 100vw, 595px\" \/><\/p>\n<p>&nbsp;<\/p>\n<p>&nbsp;<\/p>\n<style type='text\/css'>#gallery-1 {margin:auto;}#gallery-1 .gallery-item{float:left;margin-top:10px;text-align:center;width:30%;}#gallery-1 .gallery-caption{margin-left:0;}<\/style><!-- see icefit_gallery_shortcode() in theme's \/functions.php -->\n\t\t<div id='gallery-1' class='gallery galleryid-4 gallery-columns-3 gallery-size-thumbnail'><dl class='gallery-item'><dt class='gallery-icon'><a rel=\"prettyPhoto[gal]\" href='https:\/\/add-modules.com\/wp-content\/uploads\/2023\/09\/BPI.png'><img loading=\"lazy\" decoding=\"async\" width=\"150\" height=\"43\" src=\"https:\/\/add-modules.com\/wp-content\/uploads\/2023\/09\/BPI.png\" class=\"attachment-thumbnail size-thumbnail\" alt=\"\" \/><\/a><\/dt><\/dl><dl class='gallery-item'><dt class='gallery-icon'><a rel=\"prettyPhoto[gal]\" href='https:\/\/add-modules.com\/wp-content\/uploads\/2023\/09\/ADEME.png'><img loading=\"lazy\" decoding=\"async\" width=\"150\" height=\"150\" src=\"https:\/\/add-modules.com\/wp-content\/uploads\/2023\/09\/ADEME-150x150.png\" class=\"attachment-thumbnail size-thumbnail\" alt=\"\" \/><\/a><\/dt><\/dl><dl class='gallery-item'><dt class='gallery-icon'><a rel=\"prettyPhoto[gal]\" href='https:\/\/add-modules.com\/wp-content\/uploads\/2023\/08\/FRANCE-2030-e1694434338297.jpg'><img loading=\"lazy\" decoding=\"async\" width=\"150\" height=\"150\" src=\"https:\/\/add-modules.com\/wp-content\/uploads\/2023\/08\/FRANCE-2030-150x150.jpg\" class=\"attachment-thumbnail size-thumbnail\" alt=\"\" \/><\/a><\/dt><\/dl><br style=\"clear: both\" \/><br style='clear: both;' \/><\/div>\n\n<p>&nbsp;<\/p>\n<p>&nbsp;<\/p>\n<p style=\"text-align: center;\"><span style=\"font-size: 14pt;\">\u00a0<\/span><\/p>\n\n<div style=\"padding-bottom:20px; padding-top:10px;\" class=\"hupso-share-buttons\"><!-- Hupso Share Buttons - https:\/\/www.hupso.com\/share\/ --><a class=\"hupso_toolbar\" href=\"https:\/\/www.hupso.com\/share\/\"><img decoding=\"async\" src=\"https:\/\/static.hupso.com\/share\/buttons\/share-medium.png\" style=\"border:0px; padding-top: 5px; float:left;\" alt=\"Share Button\"\/><\/a><script type=\"text\/javascript\">var hupso_services_t=new Array(\"Twitter\",\"Facebook\");var hupso_background_t=\"#EAF4FF\";var hupso_border_t=\"#66CCFF\";var hupso_toolbar_size_t=\"medium\";var hupso_image_folder_url = \"\";var hupso_url_t=\"\";var hupso_title_t=\"%5B%3Afr%5DACCUEIL%20ADD%20Technologies%20-%20%20Voile%20Gonflable%20-%20wind%20propulsion%5B%3Aen%5DThe%20ADD%20Modules%20System%20-%20Inflatable%20Wingsail%20-%20wind%20propulsion%5B%3A%5D\";<\/script><script type=\"text\/javascript\" src=\"https:\/\/static.hupso.com\/share\/js\/share_toolbar.js\"><\/script><!-- Hupso Share Buttons --><\/div>","protected":false},"excerpt":{"rendered":"<p>Un syst\u00e8me innovant de propulsion \u00e0 la voile pour ceux qui ont l&#8217;audace de choisir le vent pour se d\u00e9placer ADD Technologies fournit une voile-aile gonflable asym\u00e9trique d&#8217;une meilleure efficacit\u00e9 et long\u00e9vit\u00e9 compar\u00e9e aux voiles souples de comp\u00e9tition du march\u00e9\u00a0 &nbsp; Nous sommes fiers d&#8217;\u00eatre laur\u00e9at du concours d&#8217;innovation\u00a0i-Nov du plan France 2030 op\u00e9r\u00e9 par&#8230;<\/p>\n<div class=\"read-more\"><a href=\"https:\/\/add-modules.com\/fr\/\">Lire la suite<\/a><\/div>\n","protected":false},"author":1,"featured_media":0,"parent":0,"menu_order":0,"comment_status":"closed","ping_status":"closed","template":"","meta":{"footnotes":""},"class_list":["post-4","page","type-page","status-publish","hentry"],"yoast_head":"<!-- This site is optimized with the Yoast SEO plugin v15.7 - https:\/\/yoast.com\/wordpress\/plugins\/seo\/ -->\n<title>ACCUEIL ADD Technologies - Voile Gonflable - wind propulsion - ADD Technologies: Aile gonflable de propulsion<\/title>\n<meta name=\"description\" content=\"Aile AWP system : une Aile simple, s\u00fbre et efficace pour \u00e9quiper la flotte existante de la marine industrielle\" \/>\n<meta name=\"robots\" content=\"index, follow, max-snippet:-1, max-image-preview:large, max-video-preview:-1\" \/>\n<link rel=\"canonical\" href=\"https:\/\/add-modules.com\/fr\/\" \/>\n<meta property=\"og:locale\" content=\"fr_FR\" \/>\n<meta property=\"og:type\" content=\"article\" \/>\n<meta property=\"og:title\" content=\"[:fr]ACCUEIL ADD Technologies - Voile Gonflable - wind propulsion[:en]The ADD Modules System - Inflatable Wingsail - wind propulsion[:] - ADD Technologies: Aile gonflable de propulsion\" \/>\n<meta property=\"og:description\" content=\"Aile AWP system : une Aile simple, s\u00fbre et efficace pour \u00e9quiper la flotte existante de la marine industrielle\" \/>\n<meta property=\"og:url\" content=\"https:\/\/add-modules.com\/fr\/\" \/>\n<meta property=\"og:site_name\" content=\"ADD Technologies: Aile gonflable de propulsion\" \/>\n<meta property=\"article:modified_time\" content=\"2026-03-04T08:12:24+00:00\" \/>\n<meta property=\"og:image\" content=\"https:\/\/add-modules.com\/wp-content\/uploads\/2023\/09\/BPI.png\" \/>\n<meta name=\"twitter:card\" content=\"summary\" \/>\n<meta name=\"twitter:label1\" content=\"Dur\u00e9e de lecture est.\">\n\t<meta name=\"twitter:data1\" content=\"1 minute\">\n<script type=\"application\/ld+json\" class=\"yoast-schema-graph\">{\"@context\":\"https:\/\/schema.org\",\"@graph\":[{\"@type\":\"WebSite\",\"@id\":\"https:\/\/add-modules.com\/fr\/#website\",\"url\":\"https:\/\/add-modules.com\/fr\/\",\"name\":\"Add-Modules : Voile Aile gonflable\",\"description\":\"ADD Technologies :                  Donner des Ailes aux voiles\",\"potentialAction\":[{\"@type\":\"SearchAction\",\"target\":\"https:\/\/add-modules.com\/fr\/?s={search_term_string}\",\"query-input\":\"required name=search_term_string\"}],\"inLanguage\":\"fr-FR\"},{\"@type\":\"ImageObject\",\"@id\":\"https:\/\/add-modules.com\/fr\/#primaryimage\",\"inLanguage\":\"fr-FR\",\"url\":\"https:\/\/add-modules.com\/wp-content\/uploads\/2023\/09\/IMG_0485-rognee-Coupee-scaled.jpg\",\"width\":2560,\"height\":1218},{\"@type\":\"WebPage\",\"@id\":\"https:\/\/add-modules.com\/fr\/#webpage\",\"url\":\"https:\/\/add-modules.com\/fr\/\",\"name\":\"[:fr]ACCUEIL ADD Technologies - Voile Gonflable - wind propulsion[:en]The ADD Modules System - Inflatable Wingsail - wind propulsion[:] - ADD Technologies: Aile gonflable de propulsion\",\"isPartOf\":{\"@id\":\"https:\/\/add-modules.com\/fr\/#website\"},\"primaryImageOfPage\":{\"@id\":\"https:\/\/add-modules.com\/fr\/#primaryimage\"},\"datePublished\":\"2015-11-09T08:43:34+00:00\",\"dateModified\":\"2026-03-04T08:12:24+00:00\",\"description\":\"Aile AWP system : une Aile simple, s\\u00fbre et efficace pour \\u00e9quiper la flotte existante de la marine industrielle\",\"inLanguage\":\"fr-FR\",\"potentialAction\":[{\"@type\":\"ReadAction\",\"target\":[\"https:\/\/add-modules.com\/fr\/\"]}]}]}<\/script>\n<!-- \/ Yoast SEO plugin. -->","_links":{"self":[{"href":"https:\/\/add-modules.com\/fr\/wp-json\/wp\/v2\/pages\/4","targetHints":{"allow":["GET"]}}],"collection":[{"href":"https:\/\/add-modules.com\/fr\/wp-json\/wp\/v2\/pages"}],"about":[{"href":"https:\/\/add-modules.com\/fr\/wp-json\/wp\/v2\/types\/page"}],"author":[{"embeddable":true,"href":"https:\/\/add-modules.com\/fr\/wp-json\/wp\/v2\/users\/1"}],"replies":[{"embeddable":true,"href":"https:\/\/add-modules.com\/fr\/wp-json\/wp\/v2\/comments?post=4"}],"version-history":[{"count":0,"href":"https:\/\/add-modules.com\/fr\/wp-json\/wp\/v2\/pages\/4\/revisions"}],"wp:attachment":[{"href":"https:\/\/add-modules.com\/fr\/wp-json\/wp\/v2\/media?parent=4"}],"curies":[{"name":"wp","href":"https:\/\/api.w.org\/{rel}","templated":true}]}}