{"id":6,"date":"2015-11-09T09:44:27","date_gmt":"2015-11-09T08:44:27","guid":{"rendered":"http:\/\/add-modules.com\/?page_id=6"},"modified":"2025-02-19T18:54:14","modified_gmt":"2025-02-19T17:54:14","slug":"contact-voile-epaisse","status":"publish","type":"page","link":"https:\/\/add-modules.com\/fr\/contact-voile-aile-voile-gonflable-add-technologies\/","title":{"rendered":"Contact &#8211; Voile Aile &#8211; Voile Epaisse"},"content":{"rendered":"&nbsp;<\/p>\n<p><span style=\"font-size: 14pt;\">\u00a0Vous souhaitez plus d&#8217;informations sur notre syst\u00e8me n&#8217;h\u00e9sitez pas \u00e0 nous contacter<\/span><\/p>\n<p>Brochure <a href=\"https:\/\/add-modules.com\/wp-content\/uploads\/2020\/06\/ADD-TECHNOLOGIES.pdf\">ADD TECHNOLOGIES<\/a><\/p>\n<p><strong><span style=\"font-size: 12pt;\">ADD Technologies<\/span><\/strong><\/p>\n<p><span style=\"font-size: 12pt;\">contact@add-modules.com &#8211; +33 (0)6 62 39 82 62<\/span><\/p>\n<p><span style=\"font-size: 12pt;\">19 rue de la Bourdonnais &#8211; 56100 LORIENT<\/span><\/p>\n<p><a href=\"http:\/\/add-modules.com\/wp-content\/uploads\/2015\/11\/logo-twitter-2.png\" rel=\"attachment wp-att-268\">\u00a0<\/a><\/p>\n<div id=\"contactform-wrap\" class=\"one-half\"><form name=\"contact-form\" id=\"contact_form\" method=\"POST\"><label for=\"name\" id=\"name_wrap\">Nom :<input id=\"name\" type=\"text\" name=\"name\" \/><\/label><label for=\"email\" id=\"email_wrap\">Email :<input id=\"email\" type=\"text\" name=\"email\" \/><\/label><label for=\"phone\" id=\"phone_wrap\">T\u00e9l\u00e9phone :<input id=\"phone\" type=\"text\" name=\"phone\" \/><\/label><label for=\"subject\" id=\"subject_wrap\">Sujet :<input id=\"subject\" type=\"text\" name=\"subject\" \/><\/label><label for=\"message\" id=\"message_wrap\">Message :<textarea id=\"message\" name=\"message\"><\/textarea><\/label><input type=\"submit\" name=\"submit\" value=\"Envoyer\" id=\"submit\"><div id=\"results\"><\/div><br class=\"clear\" \/><input type=\"hidden\" id=\"icefit_contact_nonce\" name=\"icefit_contact_nonce\" value=\"8b3102b05c\" \/><input type=\"hidden\" name=\"_wp_http_referer\" value=\"\/fr\/wp-json\/wp\/v2\/pages\/6\" \/><script type=\"text\/javascript\">var ajaxurl='https:\/\/add-modules.com\/wp-admin\/admin-ajax.php';<\/script><\/form><\/div>\n<p>&nbsp;<\/p>\n<p><img loading=\"lazy\" decoding=\"async\" class=\"aligncenter size-large wp-image-1068\" src=\"https:\/\/add-modules.com\/wp-content\/uploads\/2019\/09\/pres-babord-768x1024.jpg\" alt=\"\" width=\"595\" height=\"793\" srcset=\"https:\/\/add-modules.com\/wp-content\/uploads\/2019\/09\/pres-babord-768x1024.jpg 768w, https:\/\/add-modules.com\/wp-content\/uploads\/2019\/09\/pres-babord-225x300.jpg 225w\" sizes=\"auto, (max-width: 595px) 100vw, 595px\" \/>\n<div style=\"padding-bottom:20px; padding-top:10px;\" class=\"hupso-share-buttons\"><!-- Hupso Share Buttons - https:\/\/www.hupso.com\/share\/ --><a class=\"hupso_toolbar\" href=\"https:\/\/www.hupso.com\/share\/\"><img decoding=\"async\" src=\"https:\/\/static.hupso.com\/share\/buttons\/share-medium.png\" style=\"border:0px; padding-top: 5px; float:left;\" alt=\"Share Button\"\/><\/a><script type=\"text\/javascript\">var hupso_services_t=new Array(\"Twitter\",\"Facebook\");var hupso_background_t=\"#EAF4FF\";var hupso_border_t=\"#66CCFF\";var hupso_toolbar_size_t=\"medium\";var hupso_image_folder_url = \"\";var hupso_url_t=\"\";var hupso_title_t=\"%5B%3Afr%5DContact%20-%20Voile%20Aile%20-%20Voile%20Epaisse%5B%3Aen%5DContact%20%20-%20Wing-Sail%20-%20Thick-sail%5B%3A%5D\";<\/script><script type=\"text\/javascript\" src=\"https:\/\/static.hupso.com\/share\/js\/share_toolbar.js\"><\/script><!-- Hupso Share Buttons --><\/div>","protected":false},"excerpt":{"rendered":"<p>&nbsp; \u00a0Vous souhaitez plus d&#8217;informations sur notre syst\u00e8me n&#8217;h\u00e9sitez pas \u00e0 nous contacter Brochure ADD TECHNOLOGIES ADD Technologies contact@add-modules.com &#8211; +33 (0)6 62 39 82 62 19 rue de la Bourdonnais &#8211; 56100 LORIENT \u00a0 &nbsp;<\/p>\n","protected":false},"author":1,"featured_media":0,"parent":0,"menu_order":0,"comment_status":"closed","ping_status":"closed","template":"","meta":{"footnotes":""},"class_list":["post-6","page","type-page","status-publish","hentry"],"yoast_head":"<!-- This site is optimized with the Yoast SEO plugin v15.7 - https:\/\/yoast.com\/wordpress\/plugins\/seo\/ -->\n<title>Contact - Voile Aile - Voile Epaisse - ADD Technologies: Aile gonflable de propulsion<\/title>\n<meta name=\"robots\" content=\"index, follow, max-snippet:-1, max-image-preview:large, max-video-preview:-1\" \/>\n<link rel=\"canonical\" href=\"https:\/\/add-modules.com\/fr\/contact-voile-aile-voile-gonflable-add-technologies\/\" \/>\n<meta property=\"og:locale\" content=\"fr_FR\" \/>\n<meta property=\"og:type\" content=\"article\" \/>\n<meta property=\"og:title\" content=\"[:fr]Contact - Voile Aile - Voile Epaisse[:en]Contact - Wing-Sail - Thick-sail[:] - ADD Technologies: Aile gonflable de propulsion\" \/>\n<meta property=\"og:description\" content=\"&nbsp; \u00a0Vous souhaitez plus d&#8217;informations sur notre syst\u00e8me n&#8217;h\u00e9sitez pas \u00e0 nous contacter Brochure ADD TECHNOLOGIES ADD Technologies contact@add-modules.com &#8211; +33 (0)6 62 39 82 62 19 rue de la Bourdonnais &#8211; 56100 LORIENT \u00a0 &nbsp;\" \/>\n<meta property=\"og:url\" content=\"https:\/\/add-modules.com\/fr\/contact-voile-aile-voile-gonflable-add-technologies\/\" \/>\n<meta property=\"og:site_name\" content=\"ADD Technologies: Aile gonflable de propulsion\" \/>\n<meta property=\"article:modified_time\" content=\"2025-02-19T17:54:14+00:00\" \/>\n<meta property=\"og:image\" content=\"https:\/\/add-modules.com\/wp-content\/uploads\/2019\/09\/pres-babord-768x1024.jpg\" \/>\n<meta name=\"twitter:card\" content=\"summary\" \/>\n<meta name=\"twitter:label1\" content=\"Dur\u00e9e de lecture est.\">\n\t<meta name=\"twitter:data1\" content=\"1 minute\">\n<script type=\"application\/ld+json\" class=\"yoast-schema-graph\">{\"@context\":\"https:\/\/schema.org\",\"@graph\":[{\"@type\":\"WebSite\",\"@id\":\"https:\/\/add-modules.com\/fr\/#website\",\"url\":\"https:\/\/add-modules.com\/fr\/\",\"name\":\"Add-Modules : Voile Aile gonflable\",\"description\":\"ADD Technologies :                  Donner des Ailes aux voiles\",\"potentialAction\":[{\"@type\":\"SearchAction\",\"target\":\"https:\/\/add-modules.com\/fr\/?s={search_term_string}\",\"query-input\":\"required name=search_term_string\"}],\"inLanguage\":\"fr-FR\"},{\"@type\":\"ImageObject\",\"@id\":\"https:\/\/add-modules.com\/fr\/contact-voile-aile-voile-gonflable-add-technologies\/#primaryimage\",\"inLanguage\":\"fr-FR\",\"url\":\"https:\/\/add-modules.com\/wp-content\/uploads\/2019\/09\/pres-babord.jpg\",\"width\":3096,\"height\":4128},{\"@type\":\"WebPage\",\"@id\":\"https:\/\/add-modules.com\/fr\/contact-voile-aile-voile-gonflable-add-technologies\/#webpage\",\"url\":\"https:\/\/add-modules.com\/fr\/contact-voile-aile-voile-gonflable-add-technologies\/\",\"name\":\"[:fr]Contact - Voile Aile - Voile Epaisse[:en]Contact - Wing-Sail - Thick-sail[:] - ADD Technologies: Aile gonflable de propulsion\",\"isPartOf\":{\"@id\":\"https:\/\/add-modules.com\/fr\/#website\"},\"primaryImageOfPage\":{\"@id\":\"https:\/\/add-modules.com\/fr\/contact-voile-aile-voile-gonflable-add-technologies\/#primaryimage\"},\"datePublished\":\"2015-11-09T08:44:27+00:00\",\"dateModified\":\"2025-02-19T17:54:14+00:00\",\"inLanguage\":\"fr-FR\",\"potentialAction\":[{\"@type\":\"ReadAction\",\"target\":[\"https:\/\/add-modules.com\/fr\/contact-voile-aile-voile-gonflable-add-technologies\/\"]}]}]}<\/script>\n<!-- \/ Yoast SEO plugin. -->","_links":{"self":[{"href":"https:\/\/add-modules.com\/fr\/wp-json\/wp\/v2\/pages\/6","targetHints":{"allow":["GET"]}}],"collection":[{"href":"https:\/\/add-modules.com\/fr\/wp-json\/wp\/v2\/pages"}],"about":[{"href":"https:\/\/add-modules.com\/fr\/wp-json\/wp\/v2\/types\/page"}],"author":[{"embeddable":true,"href":"https:\/\/add-modules.com\/fr\/wp-json\/wp\/v2\/users\/1"}],"replies":[{"embeddable":true,"href":"https:\/\/add-modules.com\/fr\/wp-json\/wp\/v2\/comments?post=6"}],"version-history":[{"count":0,"href":"https:\/\/add-modules.com\/fr\/wp-json\/wp\/v2\/pages\/6\/revisions"}],"wp:attachment":[{"href":"https:\/\/add-modules.com\/fr\/wp-json\/wp\/v2\/media?parent=6"}],"curies":[{"name":"wp","href":"https:\/\/api.w.org\/{rel}","templated":true}]}}