{"id":8,"date":"2015-11-09T09:44:51","date_gmt":"2015-11-09T08:44:51","guid":{"rendered":"http:\/\/add-modules.com\/?page_id=8"},"modified":"2022-01-24T20:25:02","modified_gmt":"2022-01-24T19:25:02","slug":"le-concept-voile-epaisse","status":"publish","type":"page","link":"https:\/\/add-modules.com\/fr\/le-concept-voile-aile-voile-epaisse-gonflable-add-technologies\/","title":{"rendered":"Le Syst\u00e8me &#8211; Voile Aile Gonflable &#8211; Voile gonflable"},"content":{"rendered":"<p style=\"text-align: center;\"><em><strong style=\"font-size: 14px;\"><span style=\"font-size: 14pt; font-family: helvetica, arial, sans-serif;\">Nous corrigeons les \u00e9l\u00e9ments n\u00e9gatifs des voiles souples\u00a0<\/span><\/strong><\/em><\/p>\n<p style=\"text-align: center;\"><em><strong><span style=\"font-size: 14pt; font-family: helvetica, arial, sans-serif;\">pour permettre <\/span><\/strong><strong><span style=\"font-size: 14pt; font-family: helvetica, arial, sans-serif;\">l&#8217;exploitation des voile-ailes en toute s\u00e9curit\u00e9, quelle que soit leur taille<\/span><\/strong>\u00a0<\/em><\/p>\n<p>&nbsp;<\/p>\n<p><iframe loading=\"lazy\" title=\"YouTube video player\" src=\"https:\/\/www.youtube.com\/embed\/ZN1Zfesg6a4\" width=\"560\" height=\"315\" frameborder=\"0\" allowfullscreen=\"allowfullscreen\"><\/iframe><\/p>\n<p>&nbsp;<\/p>\n<p style=\"text-align: justify;\"><b><\/b><\/p>","protected":false},"excerpt":{"rendered":"<p>Nous corrigeons les \u00e9l\u00e9ments n\u00e9gatifs des voiles souples\u00a0 pour permettre l&#8217;exploitation des voile-ailes en toute s\u00e9curit\u00e9, quelle que soit leur taille\u00a0 &nbsp; &nbsp;<\/p>\n","protected":false},"author":1,"featured_media":0,"parent":0,"menu_order":0,"comment_status":"closed","ping_status":"closed","template":"","meta":{"footnotes":""},"class_list":["post-8","page","type-page","status-publish","hentry"],"yoast_head":"<!-- This site is optimized with the Yoast SEO plugin v15.7 - https:\/\/yoast.com\/wordpress\/plugins\/seo\/ -->\n<title>Le Syst\u00e8me - Voile Aile Gonflable - Voile gonflable - ADD Technologies: Aile gonflable de propulsion<\/title>\n<meta name=\"description\" content=\"Concept de Voile \u00e9paisse en couvrant partiellement la voile pour g\u00e9n\u00e9rer un profil d&#039;avion offrant plus de performance, de confort et de s\u00e9curit\u00e9\" \/>\n<meta name=\"robots\" content=\"index, follow, max-snippet:-1, max-image-preview:large, max-video-preview:-1\" \/>\n<link rel=\"canonical\" href=\"https:\/\/add-modules.com\/fr\/le-concept-voile-aile-voile-epaisse-gonflable-add-technologies\/\" \/>\n<meta property=\"og:locale\" content=\"fr_FR\" \/>\n<meta property=\"og:type\" content=\"article\" \/>\n<meta property=\"og:title\" content=\"[:fr]Le Syst\u00e8me - Voile Aile Gonflable - Voile gonflable[:en]System - Soft Wing - Inflatable-Wingsail[:] - ADD Technologies: Aile gonflable de propulsion\" \/>\n<meta property=\"og:description\" content=\"Concept de Voile \u00e9paisse en couvrant partiellement la voile pour g\u00e9n\u00e9rer un profil d&#039;avion offrant plus de performance, de confort et de s\u00e9curit\u00e9\" \/>\n<meta property=\"og:url\" content=\"https:\/\/add-modules.com\/fr\/le-concept-voile-aile-voile-epaisse-gonflable-add-technologies\/\" \/>\n<meta property=\"og:site_name\" content=\"ADD Technologies: Aile gonflable de propulsion\" \/>\n<meta property=\"article:modified_time\" content=\"2022-01-24T19:25:02+00:00\" \/>\n<meta name=\"twitter:card\" content=\"summary\" \/>\n<meta name=\"twitter:label1\" content=\"Dur\u00e9e de lecture est.\">\n\t<meta name=\"twitter:data1\" content=\"1 minute\">\n<script type=\"application\/ld+json\" class=\"yoast-schema-graph\">{\"@context\":\"https:\/\/schema.org\",\"@graph\":[{\"@type\":\"WebSite\",\"@id\":\"https:\/\/add-modules.com\/fr\/#website\",\"url\":\"https:\/\/add-modules.com\/fr\/\",\"name\":\"Add-Modules : Voile Aile gonflable\",\"description\":\"ADD Technologies :                  Donner des Ailes aux voiles\",\"potentialAction\":[{\"@type\":\"SearchAction\",\"target\":\"https:\/\/add-modules.com\/fr\/?s={search_term_string}\",\"query-input\":\"required name=search_term_string\"}],\"inLanguage\":\"fr-FR\"},{\"@type\":\"WebPage\",\"@id\":\"https:\/\/add-modules.com\/fr\/le-concept-voile-aile-voile-epaisse-gonflable-add-technologies\/#webpage\",\"url\":\"https:\/\/add-modules.com\/fr\/le-concept-voile-aile-voile-epaisse-gonflable-add-technologies\/\",\"name\":\"[:fr]Le Syst\\u00e8me - Voile Aile Gonflable - Voile gonflable[:en]System - Soft Wing - Inflatable-Wingsail[:] - ADD Technologies: Aile gonflable de propulsion\",\"isPartOf\":{\"@id\":\"https:\/\/add-modules.com\/fr\/#website\"},\"datePublished\":\"2015-11-09T08:44:51+00:00\",\"dateModified\":\"2022-01-24T19:25:02+00:00\",\"description\":\"Concept de Voile \\u00e9paisse en couvrant partiellement la voile pour g\\u00e9n\\u00e9rer un profil d'avion offrant plus de performance, de confort et de s\\u00e9curit\\u00e9\",\"inLanguage\":\"fr-FR\",\"potentialAction\":[{\"@type\":\"ReadAction\",\"target\":[\"https:\/\/add-modules.com\/fr\/le-concept-voile-aile-voile-epaisse-gonflable-add-technologies\/\"]}]}]}<\/script>\n<!-- \/ Yoast SEO plugin. -->","_links":{"self":[{"href":"https:\/\/add-modules.com\/fr\/wp-json\/wp\/v2\/pages\/8","targetHints":{"allow":["GET"]}}],"collection":[{"href":"https:\/\/add-modules.com\/fr\/wp-json\/wp\/v2\/pages"}],"about":[{"href":"https:\/\/add-modules.com\/fr\/wp-json\/wp\/v2\/types\/page"}],"author":[{"embeddable":true,"href":"https:\/\/add-modules.com\/fr\/wp-json\/wp\/v2\/users\/1"}],"replies":[{"embeddable":true,"href":"https:\/\/add-modules.com\/fr\/wp-json\/wp\/v2\/comments?post=8"}],"version-history":[{"count":0,"href":"https:\/\/add-modules.com\/fr\/wp-json\/wp\/v2\/pages\/8\/revisions"}],"wp:attachment":[{"href":"https:\/\/add-modules.com\/fr\/wp-json\/wp\/v2\/media?parent=8"}],"curies":[{"name":"wp","href":"https:\/\/api.w.org\/{rel}","templated":true}]}}